{"id":109,"date":"2023-04-17T23:11:58","date_gmt":"2023-04-17T20:11:58","guid":{"rendered":"https:\/\/intagrotech.com\/?page_id=109"},"modified":"2025-01-10T15:20:00","modified_gmt":"2025-01-10T13:20:00","slug":"nadannia-posluh-z-obrobky-metala","status":"publish","type":"page","link":"https:\/\/intagrotech.com\/ru\/nadannia-posluh-z-obrobky-metala\/","title":{"rendered":"\u0423\u0421\u041b\u0423\u0413\u0418 \u041f\u041e \u041e\u0411\u0420\u0410\u0411\u041e\u0422\u041a\u0415 \u041c\u0415\u0422\u0410\u041b\u041b\u0410"},"content":{"rendered":"<h3>\u0423\u0421\u041b\u0423\u0413\u0418 \u041f\u041e \u041e\u0411\u0420\u0410\u0411\u041e\u0422\u041a\u0415 \u041c\u0415\u0422\u0410\u041b\u041b\u0410<\/h3>\n<p>\u041c\u044b \u043f\u0440\u0435\u0434\u043b\u0430\u0433\u0430\u0435\u043c \u0432\u044b\u0441\u043e\u043a\u043e\u043a\u0430\u0447\u0435\u0441\u0442\u0432\u0435\u043d\u043d\u044b\u0435 \u0443\u0441\u043b\u0443\u0433\u0438 \u043f\u043e \u043e\u0431\u0440\u0430\u0431\u043e\u0442\u043a\u0435 \u043c\u0435\u0442\u0430\u043b\u043b\u0430, \u043b\u0430\u0437\u0435\u0440\u043d\u043e\u0439 \u0440\u0435\u0437\u043a\u0438 \u043c\u0435\u0442\u0430\u043b\u043b\u0430 \u0441 \u0438\u0441\u043f\u043e\u043b\u044c\u0437\u043e\u0432\u0430\u043d\u0438\u0435\u043c \u0441\u043e\u0432\u0440\u0435\u043c\u0435\u043d\u043d\u043e\u0433\u043e \u043e\u0431\u043e\u0440\u0443\u0434\u043e\u0432\u0430\u043d\u0438\u044f. \u041d\u0430\u0448\u0430 \u043c\u0430\u0448\u0438\u043d\u0430 \u0442\u0435\u0440\u043c\u0438\u0447\u0435\u0441\u043a\u043e\u0439 \u0440\u0435\u0437\u043a\u0438 \u043c\u0435\u0442\u0430\u043b\u043b\u0430 \u043c\u043e\u0449\u043d\u043e\u0441\u0442\u044c\u044e 1,5 \u043a\u0412\u0442 \u043e\u0431\u0435\u0441\u043f\u0435\u0447\u0438\u0432\u0430\u0435\u0442 \u0442\u043e\u0447\u043d\u043e\u0441\u0442\u044c \u043f\u043e\u0437\u0438\u0446\u0438\u043e\u043d\u0438\u0440\u043e\u0432\u0430\u043d\u0438\u044f \u0434\u043e 0,01 \u043c\u043c \u0438 \u043c\u043e\u0436\u0435\u0442 \u0440\u0430\u0431\u043e\u0442\u0430\u0442\u044c \u0441 \u043c\u0435\u0442\u0430\u043b\u043b\u043e\u043c \u0442\u043e\u043b\u0449\u0438\u043d\u043e\u0439 \u0434\u043e 16 \u043c\u043c. \u0420\u0435\u0437\u043a\u0430 \u043e\u0441\u0443\u0449\u0435\u0441\u0442\u0432\u043b\u044f\u0435\u0442\u0441\u044f \u0441 \u0438\u0441\u043f\u043e\u043b\u044c\u0437\u043e\u0432\u0430\u043d\u0438\u0435\u043c \u043a\u0438\u0441\u043b\u043e\u0440\u043e\u0434\u0430, \u0430\u0437\u043e\u0442\u0430 \u0438\u043b\u0438 \u0441\u0436\u0430\u0442\u043e\u0433\u043e \u0432\u043e\u0437\u0434\u0443\u0445\u0430, \u0447\u0442\u043e \u043f\u043e\u0437\u0432\u043e\u043b\u044f\u0435\u0442 \u0432\u044b\u0431\u0440\u0430\u0442\u044c \u043e\u043f\u0442\u0438\u043c\u0430\u043b\u044c\u043d\u044b\u0439 \u0441\u043f\u043e\u0441\u043e\u0431 \u0434\u043b\u044f \u0440\u0430\u0437\u043b\u0438\u0447\u043d\u044b\u0445 \u043c\u0430\u0442\u0435\u0440\u0438\u0430\u043b\u043e\u0432.<\/p>\n<p><strong>\u0414\u043e\u043f\u043e\u043b\u043d\u0438\u0442\u0435\u043b\u044c\u043d\u044b\u0435 \u0432\u043e\u0437\u043c\u043e\u0436\u043d\u043e\u0441\u0442\u0438 \u043b\u0430\u0437\u0435\u0440\u043d\u043e\u0439 \u0440\u0435\u0437\u043a\u0438:<\/strong><\/p>\n<ul>\n<li>\u0420\u0435\u0437\u043a\u0430 \u0442\u0440\u0443\u0431 \u043a\u0432\u0430\u0434\u0440\u0430\u0442\u043d\u044b\u0445 \u0438 \u043a\u0440\u0443\u0433\u043b\u044b\u0445 \u0441 \u0432\u044b\u0441\u043e\u043a\u043e\u0439 \u0442\u043e\u0447\u043d\u043e\u0441\u0442\u044c\u044e<\/li>\n<li>\u041f\u0435\u0440\u0444\u043e\u0440\u0430\u0446\u0438\u044f \u043b\u0438\u0441\u0442\u043e\u0432\u043e\u0433\u043e \u043c\u0435\u0442\u0430\u043b\u043b\u0430 \u0434\u043b\u044f \u0441\u043e\u0437\u0434\u0430\u043d\u0438\u044f \u043e\u0442\u0432\u0435\u0440\u0441\u0442\u0438\u0439 \u0440\u0430\u0437\u043d\u044b\u0445 \u0444\u043e\u0440\u043c \u0438 \u0440\u0430\u0437\u043c\u0435\u0440\u043e\u0432<\/li>\n<li>\u041c\u0430\u0440\u043a\u0438\u0440\u043e\u0432\u043a\u0430 \u0438 \u0433\u0440\u0430\u0432\u0438\u0440\u043e\u0432\u043a\u0430 \u0434\u043b\u044f \u043d\u0430\u043d\u0435\u0441\u0435\u043d\u0438\u044f \u043b\u043e\u0433\u043e\u0442\u0438\u043f\u043e\u0432, \u0448\u0442\u0440\u0438\u0445-\u043a\u043e\u0434\u043e\u0432 \u0438\u043b\u0438 \u0434\u0440\u0443\u0433\u0438\u0445 \u0441\u0438\u043c\u0432\u043e\u043b\u043e\u0432 \u043d\u0430 \u043c\u0435\u0442\u0430\u043b\u043b\u0438\u0447\u0435\u0441\u043a\u0438\u0435 \u043f\u043e\u0432\u0435\u0440\u0445\u043d\u043e\u0441\u0442\u0438<\/li>\n<\/ul>\n<p><strong>\u0413\u0438\u0431\u043a\u0430 \u043c\u0435\u0442\u0430\u043b\u043b\u0430:<\/strong><\/p>\n<p>\u041d\u0430\u0448 \u043b\u0438\u0441\u0442\u043e\u0433\u0438\u0431 \u0441 \u0427\u041f\u0423 \u0438\u043c\u0435\u0435\u0442 \u043c\u0430\u043a\u0441\u0438\u043c\u0430\u043b\u044c\u043d\u043e\u0435 \u0443\u0441\u0438\u043b\u0438\u0435 63 \u0442\u043e\u043d\u043d\u044b, \u0447\u0442\u043e \u043f\u043e\u0437\u0432\u043e\u043b\u044f\u0435\u0442 \u043d\u0430\u043c \u0440\u0430\u0431\u043e\u0442\u0430\u0442\u044c \u0441 \u043c\u0435\u0442\u0430\u043b\u043b\u0438\u0447\u0435\u0441\u043a\u0438\u043c\u0438 \u043b\u0438\u0441\u0442\u0430\u043c\u0438 \u0442\u043e\u043b\u0449\u0438\u043d\u043e\u0439 \u0434\u043e 6 \u043c\u043c \u0438 \u0434\u043b\u0438\u043d\u043e\u0439 \u0434\u043e 2500 \u043c\u043c. \u041c\u044b \u043f\u0440\u0435\u0434\u043b\u0430\u0433\u0430\u0435\u043c \u0440\u0430\u0437\u043b\u0438\u0447\u043d\u044b\u0435 \u0432\u0430\u0440\u0438\u0430\u043d\u0442\u044b \u0433\u0438\u0431\u043a\u0438: \u0440\u0430\u0434\u0438\u0443\u0441\u043d\u043e\u0435, \u043e\u0434\u043d\u043e\u0443\u0433\u043b\u043e\u0432\u043e\u0435, \u043c\u043d\u043e\u0433\u043e\u0443\u0433\u043b\u043e\u0432\u043e\u0435 \u0438 \u0434\u0440\u0443\u0433\u0438\u0435, \u0447\u0442\u043e \u043f\u043e\u0437\u0432\u043e\u043b\u044f\u0435\u0442 \u0441\u043e\u0437\u0434\u0430\u0432\u0430\u0442\u044c \u0441\u043b\u043e\u0436\u043d\u044b\u0435 \u0438 \u0442\u043e\u0447\u043d\u044b\u0435 \u0444\u043e\u0440\u043c\u044b \u0434\u043b\u044f \u0440\u0430\u0437\u043b\u0438\u0447\u043d\u044b\u0445 \u043f\u0440\u0438\u043c\u0435\u043d\u0435\u043d\u0438\u0439.<\/p>\n<p><strong>\u0421\u0432\u0430\u0440\u043e\u0447\u043d\u044b\u0435 \u0440\u0430\u0431\u043e\u0442\u044b:<\/strong><\/p>\n<p>\u041c\u044b \u0438\u0441\u043f\u043e\u043b\u044c\u0437\u0443\u0435\u043c \u0430\u043f\u043f\u0430\u0440\u0430\u0442\u044b \u043f\u043e\u043b\u0443\u0430\u0432\u0442\u043e\u043c\u0430\u0442\u0438\u0447\u0435\u0441\u043a\u043e\u0439 \u0441\u0432\u0430\u0440\u043a\u0438 MIG\/MAG\/FCAW\/MMA 323, \u043a\u043e\u0442\u043e\u0440\u044b\u0435 \u043e\u0431\u0435\u0441\u043f\u0435\u0447\u0438\u0432\u0430\u044e\u0442 \u0432\u044b\u0441\u043e\u043a\u043e\u0435 \u043a\u0430\u0447\u0435\u0441\u0442\u0432\u043e \u0441\u0432\u0430\u0440\u043d\u044b\u0445 \u0448\u0432\u043e\u0432 \u0438 \u043f\u043e\u0437\u0432\u043e\u043b\u044f\u044e\u0442 \u0440\u0430\u0431\u043e\u0442\u0430\u0442\u044c \u0441 \u0440\u0430\u0437\u043b\u0438\u0447\u043d\u044b\u043c\u0438 \u0442\u0438\u043f\u0430\u043c\u0438 \u043c\u0435\u0442\u0430\u043b\u043b\u043e\u0432. \u041d\u0430\u0448\u0438 \u0441\u043f\u0435\u0446\u0438\u0430\u043b\u0438\u0441\u0442\u044b \u0433\u0430\u0440\u0430\u043d\u0442\u0438\u0440\u0443\u044e\u0442 \u0432\u044b\u043f\u043e\u043b\u043d\u0435\u043d\u0438\u0435 \u0440\u0430\u0431\u043e\u0442 \u0432 \u043a\u0440\u0430\u0442\u0447\u0430\u0439\u0448\u0438\u0435 \u0441\u0440\u043e\u043a\u0438 \u0441 \u0441\u043e\u0431\u043b\u044e\u0434\u0435\u043d\u0438\u0435\u043c \u0432\u0441\u0435\u0445 \u0441\u0442\u0430\u043d\u0434\u0430\u0440\u0442\u043e\u0432 \u043a\u0430\u0447\u0435\u0441\u0442\u0432\u0430.<\/p>\n<p><strong>\u0418\u043d\u0436\u0435\u043d\u0435\u0440\u043d\u043e-\u0442\u0435\u0445\u043d\u0438\u0447\u0435\u0441\u043a\u0430\u044f \u043f\u043e\u0434\u0434\u0435\u0440\u0436\u043a\u0430:<\/strong><\/p>\n<p>\u041a\u0440\u043e\u043c\u0435 \u0442\u043e\u0433\u043e, \u043c\u044b \u043f\u0440\u0435\u0434\u043e\u0441\u0442\u0430\u0432\u043b\u044f\u0435\u043c \u0443\u0441\u043b\u0443\u0433\u0438 \u043f\u043e \u0438\u043d\u0436\u0435\u043d\u0435\u0440\u043d\u043e-\u0442\u0435\u0445\u043d\u0438\u0447\u0435\u0441\u043a\u043e\u0439 \u043f\u043e\u0434\u0434\u0435\u0440\u0436\u043a\u0435, \u0432\u043a\u043b\u044e\u0447\u0430\u044f \u043f\u0440\u043e\u0435\u043a\u0442\u0438\u0440\u043e\u0432\u0430\u043d\u0438\u0435 \u0438 \u0440\u0430\u0437\u0440\u0430\u0431\u043e\u0442\u043a\u0443 \u0434\u0435\u0442\u0430\u043b\u0435\u0439 \u043d\u0430 \u0431\u0430\u0437\u0435 \u043d\u0430\u0448\u0435\u0433\u043e \u0441\u043e\u0431\u0441\u0442\u0432\u0435\u043d\u043d\u043e\u0433\u043e \u043a\u043e\u043d\u0441\u0442\u0440\u0443\u043a\u0442\u043e\u0440\u0441\u043a\u043e\u0433\u043e \u0431\u044e\u0440\u043e. \u041c\u044b \u043f\u043e\u043c\u043e\u0436\u0435\u043c \u0432\u0430\u043c \u043d\u0430\u0439\u0442\u0438 \u043e\u043f\u0442\u0438\u043c\u0430\u043b\u044c\u043d\u044b\u0435 \u0440\u0435\u0448\u0435\u043d\u0438\u044f \u0434\u043b\u044f \u0432\u0430\u0448\u0435\u0433\u043e \u0431\u0438\u0437\u043d\u0435\u0441\u0430 \u0438 \u043e\u0431\u0435\u0441\u043f\u0435\u0447\u0438\u0442\u044c \u043a\u0430\u0447\u0435\u0441\u0442\u0432\u0435\u043d\u043d\u043e\u0435 \u0432\u044b\u043f\u043e\u043b\u043d\u0435\u043d\u0438\u0435 \u0432\u0441\u0435\u0445 \u0437\u0430\u043a\u0430\u0437\u043e\u0432.<\/p>\n<p>\u041e\u0431\u0440\u0430\u0449\u0430\u0439\u0442\u0435\u0441\u044c \u043a \u043d\u0430\u043c \u0434\u043b\u044f \u043f\u043e\u043b\u0443\u0447\u0435\u043d\u0438\u044f \u043f\u043e\u0434\u0440\u043e\u0431\u043d\u043e\u0439 \u043a\u043e\u043d\u0441\u0443\u043b\u044c\u0442\u0430\u0446\u0438\u0438 \u0438 \u043a\u0430\u0447\u0435\u0441\u0442\u0432\u0435\u043d\u043d\u043e\u0433\u043e \u0432\u044b\u043f\u043e\u043b\u043d\u0435\u043d\u0438\u044f \u0440\u0430\u0431\u043e\u0442 \u043f\u043e \u043b\u0430\u0437\u0435\u0440\u043d\u043e\u0439 \u0440\u0435\u0437\u043a\u0435 \u043c\u0435\u0442\u0430\u043b\u043b\u0430, \u0433\u0438\u0431\u043a\u0435 \u0438 \u0441\u0432\u0430\u0440\u043a\u0435!<\/p>\n","protected":false},"excerpt":{"rendered":"<p>\u0423\u0421\u041b\u0423\u0413\u0418 \u041f\u041e \u041e\u0411\u0420\u0410\u0411\u041e\u0422\u041a\u0415 \u041c\u0415\u0422\u0410\u041b\u041b\u0410 \u041c\u044b \u043f\u0440\u0435\u0434\u043b\u0430\u0433\u0430\u0435\u043c \u0432\u044b\u0441\u043e\u043a\u043e\u043a\u0430\u0447\u0435\u0441\u0442\u0432\u0435\u043d\u043d\u044b\u0435 \u0443\u0441\u043b\u0443\u0433\u0438 \u043f\u043e \u043e\u0431\u0440\u0430\u0431\u043e\u0442\u043a\u0435 \u043c\u0435\u0442\u0430\u043b\u043b\u0430, \u043b\u0430\u0437\u0435\u0440\u043d\u043e\u0439 \u0440\u0435\u0437\u043a\u0438 \u043c\u0435\u0442\u0430\u043b\u043b\u0430 \u0441 \u0438\u0441\u043f\u043e\u043b\u044c\u0437\u043e\u0432\u0430\u043d\u0438\u0435\u043c \u0441\u043e\u0432\u0440\u0435\u043c\u0435\u043d\u043d\u043e\u0433\u043e \u043e\u0431\u043e\u0440\u0443\u0434\u043e\u0432\u0430\u043d\u0438\u044f. \u041d\u0430\u0448\u0430 \u043c\u0430\u0448\u0438\u043d\u0430 \u0442\u0435\u0440\u043c\u0438\u0447\u0435\u0441\u043a\u043e\u0439 \u0440\u0435\u0437\u043a\u0438 \u043c\u0435\u0442\u0430\u043b\u043b\u0430 \u043c\u043e\u0449\u043d\u043e\u0441\u0442\u044c\u044e 1,5 \u043a\u0412\u0442 \u043e\u0431\u0435\u0441\u043f\u0435\u0447\u0438\u0432\u0430\u0435\u0442 \u0442\u043e\u0447\u043d\u043e\u0441\u0442\u044c \u043f\u043e\u0437\u0438\u0446\u0438\u043e\u043d\u0438\u0440\u043e\u0432\u0430\u043d\u0438\u044f \u0434\u043e 0,01 \u043c\u043c \u0438 \u043c\u043e\u0436\u0435\u0442 \u0440\u0430\u0431\u043e\u0442\u0430\u0442\u044c \u0441 \u043c\u0435\u0442\u0430\u043b\u043b\u043e\u043c \u0442\u043e\u043b\u0449\u0438\u043d\u043e\u0439 \u0434\u043e 16 \u043c\u043c. \u0420\u0435\u0437\u043a\u0430 \u043e\u0441\u0443\u0449\u0435\u0441\u0442\u0432\u043b\u044f\u0435\u0442\u0441\u044f \u0441 \u0438\u0441\u043f\u043e\u043b\u044c\u0437\u043e\u0432\u0430\u043d\u0438\u0435\u043c \u043a\u0438\u0441\u043b\u043e\u0440\u043e\u0434\u0430, \u0430\u0437\u043e\u0442\u0430 \u0438\u043b\u0438 \u0441\u0436\u0430\u0442\u043e\u0433\u043e \u0432\u043e\u0437\u0434\u0443\u0445\u0430, \u0447\u0442\u043e \u043f\u043e\u0437\u0432\u043e\u043b\u044f\u0435\u0442 \u0432\u044b\u0431\u0440\u0430\u0442\u044c \u043e\u043f\u0442\u0438\u043c\u0430\u043b\u044c\u043d\u044b\u0439 \u0441\u043f\u043e\u0441\u043e\u0431 [&hellip;]<\/p>\n","protected":false},"author":1,"featured_media":111,"parent":0,"menu_order":0,"comment_status":"closed","ping_status":"closed","template":"","meta":{"inline_featured_image":false,"ngg_post_thumbnail":0,"footnotes":""},"class_list":["post-109","page","type-page","status-publish","has-post-thumbnail","hentry"],"acf":[],"yoast_head":"<!-- This site is optimized with the Yoast SEO plugin v24.2 - https:\/\/yoast.com\/wordpress\/plugins\/seo\/ -->\n<title>\u0423\u0421\u041b\u0423\u0413\u0418 \u041f\u041e \u041e\u0411\u0420\u0410\u0411\u041e\u0422\u041a\u0415 \u041c\u0415\u0422\u0410\u041b\u041b\u0410 - Intagro<\/title>\n<meta name=\"description\" content=\"\u041b\u0430\u0437\u0435\u0440\u043d\u0430\u044f \u0440\u0435\u0437\u043a\u0430 \u043c\u0435\u0442\u0430\u043b\u043b\u0430 \u043c\u043e\u0449\u043d\u043e\u0441\u0442\u044c\u044e 1,5 \u043a\u0412\u0442 \u0441 \u0442\u043e\u0447\u043d\u043e\u0441\u0442\u044c\u044e \u0434\u043e 0,01 \u043c\u043c. \u0423\u0441\u043b\u0443\u0433\u0438 \u043f\u043e \u043e\u0431\u0440\u0430\u0431\u043e\u0442\u043a\u0435 \u043c\u0435\u0442\u0430\u043b\u043b\u0430 \u043f\u043e\u0434\u0434\u0435\u0440\u0436\u043a\u0430 \u043e\u0442 INTAGRO.\" \/>\n<meta name=\"robots\" content=\"index, follow, max-snippet:-1, max-image-preview:large, max-video-preview:-1\" \/>\n<link rel=\"canonical\" href=\"https:\/\/intagrotech.com\/ru\/nadannia-posluh-z-obrobky-metala\/\" \/>\n<meta property=\"og:locale\" content=\"ru_RU\" \/>\n<meta property=\"og:locale:alternate\" content=\"uk\" \/>\n<meta property=\"og:locale:alternate\" content=\"en\" \/>\n<meta property=\"og:locale:alternate\" content=\"de\" \/>\n<meta property=\"og:locale:alternate\" content=\"pl\" \/>\n<meta property=\"og:type\" content=\"article\" \/>\n<meta property=\"og:title\" content=\"\u0423\u0421\u041b\u0423\u0413\u0418 \u041f\u041e \u041e\u0411\u0420\u0410\u0411\u041e\u0422\u041a\u0415 \u041c\u0415\u0422\u0410\u041b\u041b\u0410\" \/>\n<meta property=\"og:description\" content=\"\u041b\u0430\u0437\u0435\u0440\u043d\u0430\u044f \u0440\u0435\u0437\u043a\u0430 \u043c\u0435\u0442\u0430\u043b\u043b\u0430 \u043c\u043e\u0449\u043d\u043e\u0441\u0442\u044c\u044e 1,5 \u043a\u0412\u0442 \u0441 \u0442\u043e\u0447\u043d\u043e\u0441\u0442\u044c\u044e \u0434\u043e 0,01 \u043c\u043c. \u0423\u0441\u043b\u0443\u0433\u0438 \u043f\u043e \u043e\u0431\u0440\u0430\u0431\u043e\u0442\u043a\u0435 \u043c\u0435\u0442\u0430\u043b\u043b\u0430 \u043f\u043e\u0434\u0434\u0435\u0440\u0436\u043a\u0430 \u043e\u0442 INTAGRO.\" \/>\n<meta property=\"og:url\" content=\"https:\/\/intagrotech.com\/ru\/nadannia-posluh-z-obrobky-metala\/\" \/>\n<meta property=\"og:site_name\" content=\"Intagro\" \/>\n<meta property=\"article:modified_time\" content=\"2025-01-10T13:20:00+00:00\" \/>\n<meta property=\"og:image\" content=\"https:\/\/intagrotech.com\/wp-content\/uploads\/2023\/04\/catalog_thumb3.png\" \/>\n\t<meta property=\"og:image:width\" content=\"213\" \/>\n\t<meta property=\"og:image:height\" content=\"195\" \/>\n\t<meta property=\"og:image:type\" content=\"image\/png\" \/>\n<meta name=\"twitter:card\" content=\"summary_large_image\" \/>\n<meta name=\"twitter:label1\" content=\"\u041f\u0440\u0438\u043c\u0435\u0440\u043d\u043e\u0435 \u0432\u0440\u0435\u043c\u044f \u0434\u043b\u044f \u0447\u0442\u0435\u043d\u0438\u044f\" \/>\n\t<meta name=\"twitter:data1\" content=\"2 \u043c\u0438\u043d\u0443\u0442\u044b\" \/>\n<script type=\"application\/ld+json\" class=\"yoast-schema-graph\">{\"@context\":\"https:\/\/schema.org\",\"@graph\":[{\"@type\":\"WebPage\",\"@id\":\"https:\/\/intagrotech.com\/ru\/nadannia-posluh-z-obrobky-metala\/\",\"url\":\"https:\/\/intagrotech.com\/ru\/nadannia-posluh-z-obrobky-metala\/\",\"name\":\"\u0423\u0421\u041b\u0423\u0413\u0418 \u041f\u041e \u041e\u0411\u0420\u0410\u0411\u041e\u0422\u041a\u0415 \u041c\u0415\u0422\u0410\u041b\u041b\u0410\",\"isPartOf\":{\"@id\":\"https:\/\/intagrotech.com\/#website\"},\"primaryImageOfPage\":{\"@id\":\"https:\/\/intagrotech.com\/ru\/nadannia-posluh-z-obrobky-metala\/#primaryimage\"},\"image\":{\"@id\":\"https:\/\/intagrotech.com\/ru\/nadannia-posluh-z-obrobky-metala\/#primaryimage\"},\"thumbnailUrl\":\"https:\/\/intagrotech.com\/wp-content\/uploads\/2023\/04\/catalog_thumb3.png\",\"datePublished\":\"2023-04-17T20:11:58+00:00\",\"dateModified\":\"2025-01-10T13:20:00+00:00\",\"description\":\"\u041b\u0430\u0437\u0435\u0440\u043d\u0430\u044f \u0440\u0435\u0437\u043a\u0430 \u043c\u0435\u0442\u0430\u043b\u043b\u0430 \u043c\u043e\u0449\u043d\u043e\u0441\u0442\u044c\u044e 1,5 \u043a\u0412\u0442 \u0441 \u0442\u043e\u0447\u043d\u043e\u0441\u0442\u044c\u044e \u0434\u043e 0,01 \u043c\u043c. \u0423\u0441\u043b\u0443\u0433\u0438 \u043f\u043e \u043e\u0431\u0440\u0430\u0431\u043e\u0442\u043a\u0435 \u043c\u0435\u0442\u0430\u043b\u043b\u0430 \u043f\u043e\u0434\u0434\u0435\u0440\u0436\u043a\u0430 \u043e\u0442 INTAGRO.\",\"inLanguage\":\"ru-RU\",\"potentialAction\":[{\"@type\":\"ReadAction\",\"target\":[\"https:\/\/intagrotech.com\/ru\/nadannia-posluh-z-obrobky-metala\/\"]}]},{\"@type\":\"ImageObject\",\"inLanguage\":\"ru-RU\",\"@id\":\"https:\/\/intagrotech.com\/ru\/nadannia-posluh-z-obrobky-metala\/#primaryimage\",\"url\":\"https:\/\/intagrotech.com\/wp-content\/uploads\/2023\/04\/catalog_thumb3.png\",\"contentUrl\":\"https:\/\/intagrotech.com\/wp-content\/uploads\/2023\/04\/catalog_thumb3.png\",\"width\":213,\"height\":195,\"caption\":\"\u041f\u0440\u043e\u0444\u0435\u0441\u0441\u0438\u043e\u043d\u0430\u043b\u044b \u0432 \u0441\u0435\u043b\u044c\u0441\u043a\u043e\u0445\u043e\u0437\u044f\u0439\u0441\u0442\u0432\u0435\u043d\u043d\u043e\u0439 \u0442\u0435\u0445\u043d\u0438\u043a\u0435\"},{\"@type\":\"WebSite\",\"@id\":\"https:\/\/intagrotech.com\/#website\",\"url\":\"https:\/\/intagrotech.com\/\",\"name\":\"Intagrotech\",\"description\":\"Intagrotech - \u041b\u0423\u0427\u0428\u0415\u0415 \u041c\u0415\u0421\u0422\u041e \u0414\u041b\u042f \u0422\u041e\u0413\u041e \u0427\u0422\u041e\u0411\u042b \u041a\u0423\u041f\u0418\u0422\u042c \u0421\u0415\u041b\u042c\u0425\u041e\u0417\u0422\u0415\u0425\u041d\u0418\u041a\u0423 \u0412 \u0423\u041a\u0420\u0410\u0418\u041d\u0415\",\"publisher\":{\"@id\":\"https:\/\/intagrotech.com\/#organization\"},\"potentialAction\":[{\"@type\":\"SearchAction\",\"target\":{\"@type\":\"EntryPoint\",\"urlTemplate\":\"https:\/\/intagrotech.com\/?s={search_term_string}\"},\"query-input\":{\"@type\":\"PropertyValueSpecification\",\"valueRequired\":true,\"valueName\":\"search_term_string\"}}],\"inLanguage\":\"ru-RU\"},{\"@type\":\"Organization\",\"@id\":\"https:\/\/intagrotech.com\/#organization\",\"name\":\"Intagrotech\",\"url\":\"https:\/\/intagrotech.com\/\",\"logo\":{\"@type\":\"ImageObject\",\"inLanguage\":\"ru-RU\",\"@id\":\"https:\/\/intagrotech.com\/#\/schema\/logo\/image\/\",\"url\":\"https:\/\/intagrotech.com\/wp-content\/uploads\/2024\/04\/intagro-logo-header.png\",\"contentUrl\":\"https:\/\/intagrotech.com\/wp-content\/uploads\/2024\/04\/intagro-logo-header.png\",\"width\":2377,\"height\":565,\"caption\":\"Intagrotech\"},\"image\":{\"@id\":\"https:\/\/intagrotech.com\/#\/schema\/logo\/image\/\"}}]}<\/script>\n<!-- \/ Yoast SEO plugin. -->","yoast_head_json":{"title":"\u0423\u0421\u041b\u0423\u0413\u0418 \u041f\u041e \u041e\u0411\u0420\u0410\u0411\u041e\u0422\u041a\u0415 \u041c\u0415\u0422\u0410\u041b\u041b\u0410 - Intagro","description":"\u041b\u0430\u0437\u0435\u0440\u043d\u0430\u044f \u0440\u0435\u0437\u043a\u0430 \u043c\u0435\u0442\u0430\u043b\u043b\u0430 \u043c\u043e\u0449\u043d\u043e\u0441\u0442\u044c\u044e 1,5 \u043a\u0412\u0442 \u0441 \u0442\u043e\u0447\u043d\u043e\u0441\u0442\u044c\u044e \u0434\u043e 0,01 \u043c\u043c. \u0423\u0441\u043b\u0443\u0433\u0438 \u043f\u043e \u043e\u0431\u0440\u0430\u0431\u043e\u0442\u043a\u0435 \u043c\u0435\u0442\u0430\u043b\u043b\u0430 \u043f\u043e\u0434\u0434\u0435\u0440\u0436\u043a\u0430 \u043e\u0442 INTAGRO.","robots":{"index":"index","follow":"follow","max-snippet":"max-snippet:-1","max-image-preview":"max-image-preview:large","max-video-preview":"max-video-preview:-1"},"canonical":"https:\/\/intagrotech.com\/ru\/nadannia-posluh-z-obrobky-metala\/","og_locale":"ru_RU","og_type":"article","og_title":"[:ru]\u0423\u0421\u041b\u0423\u0413\u0418 \u041f\u041e \u041e\u0411\u0420\u0410\u0411\u041e\u0422\u041a\u0415 \u041c\u0415\u0422\u0410\u041b\u041b\u0410[:uk]\u041d\u0410\u0414\u0410\u041d\u041d\u042f \u041f\u041e\u0421\u041b\u0423\u0413 \u0417 \u041e\u0411\u0420\u041e\u0411\u041a\u0418 \u041c\u0415\u0422\u0410\u041b\u0410[:en]METAL PROCESSING SERVICES[:de]DIENSTLEISTUNGEN F\u00dcR DIE METALLVERARBEITUNG[:pl]US\u0141UGI OBR\u00d3BKI METALI[:] - Intagro","og_description":"\u041b\u0430\u0437\u0435\u0440\u043d\u0430\u044f \u0440\u0435\u0437\u043a\u0430 \u043c\u0435\u0442\u0430\u043b\u043b\u0430 \u043c\u043e\u0449\u043d\u043e\u0441\u0442\u044c\u044e 1,5 \u043a\u0412\u0442 \u0441 \u0442\u043e\u0447\u043d\u043e\u0441\u0442\u044c\u044e \u0434\u043e 0,01 \u043c\u043c. \u0423\u0441\u043b\u0443\u0433\u0438 \u043f\u043e \u043e\u0431\u0440\u0430\u0431\u043e\u0442\u043a\u0435 \u043c\u0435\u0442\u0430\u043b\u043b\u0430 \u043f\u043e\u0434\u0434\u0435\u0440\u0436\u043a\u0430 \u043e\u0442 INTAGRO.","og_url":"https:\/\/intagrotech.com\/ru\/nadannia-posluh-z-obrobky-metala\/","og_site_name":"Intagro","article_modified_time":"2025-01-10T13:20:00+00:00","og_image":[{"width":213,"height":195,"url":"https:\/\/intagrotech.com\/wp-content\/uploads\/2023\/04\/catalog_thumb3.png","type":"image\/png"}],"twitter_card":"summary_large_image","twitter_misc":{"\u041f\u0440\u0438\u043c\u0435\u0440\u043d\u043e\u0435 \u0432\u0440\u0435\u043c\u044f \u0434\u043b\u044f \u0447\u0442\u0435\u043d\u0438\u044f":"2 \u043c\u0438\u043d\u0443\u0442\u044b"},"schema":{"@context":"https:\/\/schema.org","@graph":[{"@type":"WebPage","@id":"https:\/\/intagrotech.com\/ru\/nadannia-posluh-z-obrobky-metala\/","url":"https:\/\/intagrotech.com\/ru\/nadannia-posluh-z-obrobky-metala\/","name":"\u0423\u0421\u041b\u0423\u0413\u0418 \u041f\u041e \u041e\u0411\u0420\u0410\u0411\u041e\u0422\u041a\u0415 \u041c\u0415\u0422\u0410\u041b\u041b\u0410","isPartOf":{"@id":"https:\/\/intagrotech.com\/#website"},"primaryImageOfPage":{"@id":"https:\/\/intagrotech.com\/ru\/nadannia-posluh-z-obrobky-metala\/#primaryimage"},"image":{"@id":"https:\/\/intagrotech.com\/ru\/nadannia-posluh-z-obrobky-metala\/#primaryimage"},"thumbnailUrl":"https:\/\/intagrotech.com\/wp-content\/uploads\/2023\/04\/catalog_thumb3.png","datePublished":"2023-04-17T20:11:58+00:00","dateModified":"2025-01-10T13:20:00+00:00","description":"\u041b\u0430\u0437\u0435\u0440\u043d\u0430\u044f \u0440\u0435\u0437\u043a\u0430 \u043c\u0435\u0442\u0430\u043b\u043b\u0430 \u043c\u043e\u0449\u043d\u043e\u0441\u0442\u044c\u044e 1,5 \u043a\u0412\u0442 \u0441 \u0442\u043e\u0447\u043d\u043e\u0441\u0442\u044c\u044e \u0434\u043e 0,01 \u043c\u043c. \u0423\u0441\u043b\u0443\u0433\u0438 \u043f\u043e \u043e\u0431\u0440\u0430\u0431\u043e\u0442\u043a\u0435 \u043c\u0435\u0442\u0430\u043b\u043b\u0430 \u043f\u043e\u0434\u0434\u0435\u0440\u0436\u043a\u0430 \u043e\u0442 INTAGRO.","inLanguage":"ru-RU","potentialAction":[{"@type":"ReadAction","target":["https:\/\/intagrotech.com\/ru\/nadannia-posluh-z-obrobky-metala\/"]}]},{"@type":"ImageObject","inLanguage":"ru-RU","@id":"https:\/\/intagrotech.com\/ru\/nadannia-posluh-z-obrobky-metala\/#primaryimage","url":"https:\/\/intagrotech.com\/wp-content\/uploads\/2023\/04\/catalog_thumb3.png","contentUrl":"https:\/\/intagrotech.com\/wp-content\/uploads\/2023\/04\/catalog_thumb3.png","width":213,"height":195,"caption":"\u041f\u0440\u043e\u0444\u0435\u0441\u0441\u0438\u043e\u043d\u0430\u043b\u044b \u0432 \u0441\u0435\u043b\u044c\u0441\u043a\u043e\u0445\u043e\u0437\u044f\u0439\u0441\u0442\u0432\u0435\u043d\u043d\u043e\u0439 \u0442\u0435\u0445\u043d\u0438\u043a\u0435"},{"@type":"WebSite","@id":"https:\/\/intagrotech.com\/#website","url":"https:\/\/intagrotech.com\/","name":"Intagrotech","description":"Intagrotech - \u041b\u0423\u0427\u0428\u0415\u0415 \u041c\u0415\u0421\u0422\u041e \u0414\u041b\u042f \u0422\u041e\u0413\u041e \u0427\u0422\u041e\u0411\u042b \u041a\u0423\u041f\u0418\u0422\u042c \u0421\u0415\u041b\u042c\u0425\u041e\u0417\u0422\u0415\u0425\u041d\u0418\u041a\u0423 \u0412 \u0423\u041a\u0420\u0410\u0418\u041d\u0415","publisher":{"@id":"https:\/\/intagrotech.com\/#organization"},"potentialAction":[{"@type":"SearchAction","target":{"@type":"EntryPoint","urlTemplate":"https:\/\/intagrotech.com\/?s={search_term_string}"},"query-input":{"@type":"PropertyValueSpecification","valueRequired":true,"valueName":"search_term_string"}}],"inLanguage":"ru-RU"},{"@type":"Organization","@id":"https:\/\/intagrotech.com\/#organization","name":"Intagrotech","url":"https:\/\/intagrotech.com\/","logo":{"@type":"ImageObject","inLanguage":"ru-RU","@id":"https:\/\/intagrotech.com\/#\/schema\/logo\/image\/","url":"https:\/\/intagrotech.com\/wp-content\/uploads\/2024\/04\/intagro-logo-header.png","contentUrl":"https:\/\/intagrotech.com\/wp-content\/uploads\/2024\/04\/intagro-logo-header.png","width":2377,"height":565,"caption":"Intagrotech"},"image":{"@id":"https:\/\/intagrotech.com\/#\/schema\/logo\/image\/"}}]}},"_links":{"self":[{"href":"https:\/\/intagrotech.com\/ru\/wp-json\/wp\/v2\/pages\/109","targetHints":{"allow":["GET"]}}],"collection":[{"href":"https:\/\/intagrotech.com\/ru\/wp-json\/wp\/v2\/pages"}],"about":[{"href":"https:\/\/intagrotech.com\/ru\/wp-json\/wp\/v2\/types\/page"}],"author":[{"embeddable":true,"href":"https:\/\/intagrotech.com\/ru\/wp-json\/wp\/v2\/users\/1"}],"replies":[{"embeddable":true,"href":"https:\/\/intagrotech.com\/ru\/wp-json\/wp\/v2\/comments?post=109"}],"version-history":[{"count":23,"href":"https:\/\/intagrotech.com\/ru\/wp-json\/wp\/v2\/pages\/109\/revisions"}],"predecessor-version":[{"id":3707,"href":"https:\/\/intagrotech.com\/ru\/wp-json\/wp\/v2\/pages\/109\/revisions\/3707"}],"wp:featuredmedia":[{"embeddable":true,"href":"https:\/\/intagrotech.com\/ru\/wp-json\/wp\/v2\/media\/111"}],"wp:attachment":[{"href":"https:\/\/intagrotech.com\/ru\/wp-json\/wp\/v2\/media?parent=109"}],"curies":[{"name":"wp","href":"https:\/\/api.w.org\/{rel}","templated":true}]}}