{"id":30,"date":"2023-04-17T19:37:48","date_gmt":"2023-04-17T16:37:48","guid":{"rendered":"https:\/\/intagrotech.com\/?page_id=30"},"modified":"2026-02-10T19:56:23","modified_gmt":"2026-02-10T17:56:23","slug":"servisne-i-harantiine-obsluhovuvannia-silhosptekhniky","status":"publish","type":"page","link":"https:\/\/intagrotech.com\/pl\/servisne-i-harantiine-obsluhovuvannia-silhosptekhniky\/","title":{"rendered":"SERWIS I GWARANCJA"},"content":{"rendered":"\r\n<p>\u015awiadczymy us\u0142ugi.<br>U\u017cywamy oryginalnych cz\u0119\u015bci zamiennych i materia\u0142\u00f3w eksploatacyjnych do kombajn\u00f3w do s\u0142onecznika.<\/p>\r\n\r\n\r\n\r\n<p>Rodzaje prac naprawczych:<\/p>\r\n\r\n\r\n\r\n<ul class=\"wp-block-list\">\r\n<li>wykrywanie defekt\u00f3w (wykrywanie usterek) kombajnu<\/li>\r\n\r\n\r\n\r\n<li>pe\u0142na lub cz\u0119\u015bciowa wymiana dna kombajnu<br>Ka\u017cdy uszkodzony kombajn INTAGRO, kt\u00f3ry przyjmujemy do naprawy, jest ca\u0142kowicie naprawiany we w\u0142asnym warsztacie. Najpierw kombajny s\u0105 dok\u0142adnie czyszczone i sprawdzane pod k\u0105tem usterek. Nast\u0119pnie sprawdzana jest sprawno\u015b\u0107 element\u00f3w nap\u0119du i \u0142o\u017cysk, prawid\u0142owa regulacja kombajnu oraz wymiana wszystkich zu\u017cytych cz\u0119\u015bci. Gotowe produkty s\u0105 malowane.<\/li>\r\n<\/ul>\r\n\r\n\r\n\r\n<p>Jeste\u015bmy pewni, \u017ce wydajno\u015b\u0107 odnowionych kombajn\u00f3w nie ust\u0119puje kombajnom nowym. Za pomoc\u0105 naprawy mo\u017cesz przywr\u00f3ci\u0107 zasoby kombajn\u00f3w do 95%. Specjali\u015bci serwisu i naprawy INTAGRO posiadaj\u0105 niezb\u0119dne uprawnienia. Koszt i warunki prac naprawczych ustalane s\u0105 z g\u00f3ry.<\/p>\r\n\r\n\r\n\r\n<p>Oryginalne cz\u0119\u015bci zamienne s\u0105 zawsze dost\u0119pne:<br>tuleje, ko\u0142a z\u0119bate, \u0142a\u0144cuchy, no\u017ce, uszczelnienia olejowe, ko\u0142a z\u0119bate, podk\u0142adki, wa\u0142y, p\u0142ytki, pier\u015bcienie, klucze, os\u0142ony nakr\u0119tek no\u017cy itp.<br>Aby dowiedzie\u0107 si\u0119, kt\u00f3ra cz\u0119\u015b\u0107 jest niezb\u0119dna do konkretnej awarii, a tak\u017ce kosztu naprawy, skontaktuj si\u0119 ze specjalistami.<br>Skontaktuj si\u0119 z nami, a udzielimy fachowej porady.<\/p>\r\n","protected":false},"excerpt":{"rendered":"<p>\u015awiadczymy us\u0142ugi.U\u017cywamy oryginalnych cz\u0119\u015bci zamiennych i materia\u0142\u00f3w eksploatacyjnych do kombajn\u00f3w do s\u0142onecznika. Rodzaje prac naprawczych: Jeste\u015bmy pewni, \u017ce wydajno\u015b\u0107 odnowionych kombajn\u00f3w nie ust\u0119puje kombajnom nowym. Za pomoc\u0105 naprawy mo\u017cesz przywr\u00f3ci\u0107 zasoby kombajn\u00f3w do 95%. Specjali\u015bci serwisu i naprawy INTAGRO posiadaj\u0105 niezb\u0119dne uprawnienia. Koszt i warunki prac naprawczych ustalane s\u0105 z g\u00f3ry. Oryginalne cz\u0119\u015bci zamienne s\u0105 [&hellip;]<\/p>\n","protected":false},"author":1,"featured_media":0,"parent":0,"menu_order":0,"comment_status":"closed","ping_status":"closed","template":"","meta":{"inline_featured_image":false,"ngg_post_thumbnail":0,"footnotes":""},"class_list":["post-30","page","type-page","status-publish","hentry"],"acf":[],"yoast_head":"<!-- This site is optimized with the Yoast SEO plugin v24.2 - https:\/\/yoast.com\/wordpress\/plugins\/seo\/ -->\n<title>SERWIS I GWARANCJA - \u0421\u0435\u0440\u0432\u0438\u0441\u043d\u043e\u0435 \u043e\u0431\u0441\u043b\u0443\u0436\u0438\u0432\u0430\u043d\u0438\u0435 \u0438 \u0440\u0435\u043c\u043e\u043d\u0442[:]<\/title>\n<meta name=\"robots\" content=\"index, follow, max-snippet:-1, max-image-preview:large, max-video-preview:-1\" \/>\n<link rel=\"canonical\" href=\"https:\/\/intagrotech.com\/pl\/servisne-i-harantiine-obsluhovuvannia-silhosptekhniky\/\" \/>\n<meta property=\"og:locale\" content=\"pl_PL\" \/>\n<meta property=\"og:locale:alternate\" content=\"uk\" \/>\n<meta property=\"og:locale:alternate\" content=\"ru_RU\" \/>\n<meta property=\"og:locale:alternate\" content=\"en\" \/>\n<meta property=\"og:locale:alternate\" content=\"de\" \/>\n<meta property=\"og:type\" content=\"article\" \/>\n<meta property=\"og:title\" content=\"SERWIS I GWARANCJA\" \/>\n<meta property=\"og:description\" content=\"\" \/>\n<meta property=\"og:url\" content=\"https:\/\/intagrotech.com\/pl\/servisne-i-harantiine-obsluhovuvannia-silhosptekhniky\/\" \/>\n<meta property=\"og:site_name\" content=\"Intagro\" \/>\n<meta property=\"article:modified_time\" content=\"2026-02-10T17:56:23+00:00\" \/>\n<meta name=\"twitter:card\" content=\"summary_large_image\" \/>\n<meta name=\"twitter:label1\" content=\"Szacowany czas czytania\" \/>\n\t<meta name=\"twitter:data1\" content=\"1 minuta\" \/>\n<script type=\"application\/ld+json\" class=\"yoast-schema-graph\">{\"@context\":\"https:\/\/schema.org\",\"@graph\":[{\"@type\":\"WebPage\",\"@id\":\"https:\/\/intagrotech.com\/servisne-i-harantiine-obsluhovuvannia-silhosptekhniky\/\",\"url\":\"https:\/\/intagrotech.com\/servisne-i-harantiine-obsluhovuvannia-silhosptekhniky\/\",\"name\":\"SERWIS I GWARANCJA\",\"isPartOf\":{\"@id\":\"https:\/\/intagrotech.com\/#website\"},\"datePublished\":\"2023-04-17T16:37:48+00:00\",\"dateModified\":\"2026-02-10T17:56:23+00:00\",\"description\":\"\",\"inLanguage\":\"pl\",\"potentialAction\":[{\"@type\":\"ReadAction\",\"target\":[\"https:\/\/intagrotech.com\/servisne-i-harantiine-obsluhovuvannia-silhosptekhniky\/\"]}]},{\"@type\":\"WebSite\",\"@id\":\"https:\/\/intagrotech.com\/#website\",\"url\":\"https:\/\/intagrotech.com\/\",\"name\":\"Intagrotech\",\"description\":\"Intagro - NAJLEPSZE MIEJSCE DO ZAKUPU SPRZ\u0118TU ROLNEGO NA UKRAINIE\",\"publisher\":{\"@id\":\"https:\/\/intagrotech.com\/#organization\"},\"potentialAction\":[{\"@type\":\"SearchAction\",\"target\":{\"@type\":\"EntryPoint\",\"urlTemplate\":\"https:\/\/intagrotech.com\/?s={search_term_string}\"},\"query-input\":{\"@type\":\"PropertyValueSpecification\",\"valueRequired\":true,\"valueName\":\"search_term_string\"}}],\"inLanguage\":\"pl\"},{\"@type\":\"Organization\",\"@id\":\"https:\/\/intagrotech.com\/#organization\",\"name\":\"Intagrotech\",\"url\":\"https:\/\/intagrotech.com\/\",\"logo\":{\"@type\":\"ImageObject\",\"inLanguage\":\"pl\",\"@id\":\"https:\/\/intagrotech.com\/#\/schema\/logo\/image\/\",\"url\":\"https:\/\/intagrotech.com\/wp-content\/uploads\/2024\/04\/intagro-logo-header.png\",\"contentUrl\":\"https:\/\/intagrotech.com\/wp-content\/uploads\/2024\/04\/intagro-logo-header.png\",\"width\":2377,\"height\":565,\"caption\":\"Intagrotech\"},\"image\":{\"@id\":\"https:\/\/intagrotech.com\/#\/schema\/logo\/image\/\"}}]}<\/script>\n<!-- \/ Yoast SEO plugin. -->","yoast_head_json":{"title":"SERWIS I GWARANCJA - \u0421\u0435\u0440\u0432\u0438\u0441\u043d\u043e\u0435 \u043e\u0431\u0441\u043b\u0443\u0436\u0438\u0432\u0430\u043d\u0438\u0435 \u0438 \u0440\u0435\u043c\u043e\u043d\u0442[:]","robots":{"index":"index","follow":"follow","max-snippet":"max-snippet:-1","max-image-preview":"max-image-preview:large","max-video-preview":"max-video-preview:-1"},"canonical":"https:\/\/intagrotech.com\/pl\/servisne-i-harantiine-obsluhovuvannia-silhosptekhniky\/","og_locale":"pl_PL","og_type":"article","og_title":"[:ru][:uk]\u0421\u0415\u0420\u0412\u0406\u0421 \u0406 \u0413\u0410\u0420\u0410\u041d\u0422\u0406\u042f[:ru]\u0421\u0415\u0420\u0412\u0418\u0421 \u0418 \u0413\u0410\u0420\u0410\u041d\u0422\u0418\u042f[:en]SERVICE AND WARRANTY[:de]SERVICE UND GARANTIE[:pl]SERWIS I GWARANCJA[:] - \u0421\u0435\u0440\u0432\u0438\u0441\u043d\u043e\u0435 \u043e\u0431\u0441\u043b\u0443\u0436\u0438\u0432\u0430\u043d\u0438\u0435 \u0438 \u0440\u0435\u043c\u043e\u043d\u0442[:]","og_description":"[:ru]\u0421\u0435\u0440\u0432\u0438\u0441 \u0438 \u0433\u0430\u0440\u0430\u043d\u0442\u0438\u044f - \u043f\u0440\u0435\u0434\u043e\u0441\u0442\u0430\u0432\u043b\u044f\u0435\u043c \u0441\u0435\u0440\u0432\u0438\u0441\u043d\u043e\u0435 \u043e\u0431\u0441\u043b\u0443\u0436\u0438\u0432\u0430\u043d\u0438\u0435 \u0438 \u0440\u0435\u043c\u043e\u043d\u0442 \u043f\u043e\u0434\u0441\u043e\u043b\u043d\u0435\u0447\u043d\u044b\u0445 \u0436\u0430\u0442\u043e\u043a, \u0438\u0441\u043f\u043e\u043b\u044c\u0437\u0443\u044f \u0442\u043e\u043b\u044c\u043a\u043e \u043e\u0440\u0438\u0433\u0438\u043d\u0430\u043b\u044c\u043d\u044b\u0435 \u0437\u0430\u043f\u0447\u0430\u0441\u0442\u0438.[:]","og_url":"https:\/\/intagrotech.com\/pl\/servisne-i-harantiine-obsluhovuvannia-silhosptekhniky\/","og_site_name":"Intagro","article_modified_time":"2026-02-10T17:56:23+00:00","twitter_card":"summary_large_image","twitter_misc":{"Szacowany czas czytania":"1 minuta"},"schema":{"@context":"https:\/\/schema.org","@graph":[{"@type":"WebPage","@id":"https:\/\/intagrotech.com\/servisne-i-harantiine-obsluhovuvannia-silhosptekhniky\/","url":"https:\/\/intagrotech.com\/servisne-i-harantiine-obsluhovuvannia-silhosptekhniky\/","name":"SERWIS I GWARANCJA","isPartOf":{"@id":"https:\/\/intagrotech.com\/#website"},"datePublished":"2023-04-17T16:37:48+00:00","dateModified":"2026-02-10T17:56:23+00:00","description":"","inLanguage":"pl","potentialAction":[{"@type":"ReadAction","target":["https:\/\/intagrotech.com\/servisne-i-harantiine-obsluhovuvannia-silhosptekhniky\/"]}]},{"@type":"WebSite","@id":"https:\/\/intagrotech.com\/#website","url":"https:\/\/intagrotech.com\/","name":"Intagrotech","description":"Intagro - NAJLEPSZE MIEJSCE DO ZAKUPU SPRZ\u0118TU ROLNEGO NA UKRAINIE","publisher":{"@id":"https:\/\/intagrotech.com\/#organization"},"potentialAction":[{"@type":"SearchAction","target":{"@type":"EntryPoint","urlTemplate":"https:\/\/intagrotech.com\/?s={search_term_string}"},"query-input":{"@type":"PropertyValueSpecification","valueRequired":true,"valueName":"search_term_string"}}],"inLanguage":"pl"},{"@type":"Organization","@id":"https:\/\/intagrotech.com\/#organization","name":"Intagrotech","url":"https:\/\/intagrotech.com\/","logo":{"@type":"ImageObject","inLanguage":"pl","@id":"https:\/\/intagrotech.com\/#\/schema\/logo\/image\/","url":"https:\/\/intagrotech.com\/wp-content\/uploads\/2024\/04\/intagro-logo-header.png","contentUrl":"https:\/\/intagrotech.com\/wp-content\/uploads\/2024\/04\/intagro-logo-header.png","width":2377,"height":565,"caption":"Intagrotech"},"image":{"@id":"https:\/\/intagrotech.com\/#\/schema\/logo\/image\/"}}]}},"_links":{"self":[{"href":"https:\/\/intagrotech.com\/pl\/wp-json\/wp\/v2\/pages\/30","targetHints":{"allow":["GET"]}}],"collection":[{"href":"https:\/\/intagrotech.com\/pl\/wp-json\/wp\/v2\/pages"}],"about":[{"href":"https:\/\/intagrotech.com\/pl\/wp-json\/wp\/v2\/types\/page"}],"author":[{"embeddable":true,"href":"https:\/\/intagrotech.com\/pl\/wp-json\/wp\/v2\/users\/1"}],"replies":[{"embeddable":true,"href":"https:\/\/intagrotech.com\/pl\/wp-json\/wp\/v2\/comments?post=30"}],"version-history":[{"count":17,"href":"https:\/\/intagrotech.com\/pl\/wp-json\/wp\/v2\/pages\/30\/revisions"}],"predecessor-version":[{"id":3909,"href":"https:\/\/intagrotech.com\/pl\/wp-json\/wp\/v2\/pages\/30\/revisions\/3909"}],"wp:attachment":[{"href":"https:\/\/intagrotech.com\/pl\/wp-json\/wp\/v2\/media?parent=30"}],"curies":[{"name":"wp","href":"https:\/\/api.w.org\/{rel}","templated":true}]}}