{"id":1316,"date":"2023-09-07T13:58:45","date_gmt":"2023-09-07T10:58:45","guid":{"rendered":"https:\/\/intagrotech.com\/?page_id=1316"},"modified":"2025-01-11T12:42:25","modified_gmt":"2025-01-11T10:42:25","slug":"pro-nas","status":"publish","type":"page","link":"https:\/\/intagrotech.com\/pl\/pro-nas\/","title":{"rendered":"O nas"},"content":{"rendered":"<h2>O nas<\/h2>\n<p>Regularnie zadajemy sobie pytanie: kim jeste\u015bmy i co mo\u017cemy zrobi\u0107? I za ka\u017cdym razem odpowied\u017a na to pytanie staje si\u0119 coraz trudniejsza, w miar\u0119 jak poj\u0119cie \u201emy\u201d ro\u015bnie w liczbie swoich cz\u0142onk\u00f3w, a \u201emo\u017cemy zrobi\u0107\u201d poszerza sw\u00f3j zakres i wiedz\u0119. O nas ale jedno pozostaje oczywiste: jeste\u015bmy ca\u0142\u0105 kolektywem, zespo\u0142em, kt\u00f3rego \u0142\u0105czy jeden cel i jedne preferencje. Kochamy to, co robimy i robimy wszystko z mi\u0142o\u015bci\u0105.<\/p>\n<p>Intagro to zesp\u00f3\u0142 profesjonalist\u00f3w, kt\u00f3ry jest w stanie rozwi\u0105za\u0107 niemal ka\u017cde zadanie z zakresu produkt\u00f3w rolnych o dowolnej konfiguracji i z\u0142o\u017cono\u015bci. I nie jest to samochwalstwo czy slogan reklamowy, kt\u00f3ry wyr\u00f3\u017cnia nas na tle konkurencji. Do realizacji tego czynu zbli\u017cali\u015bmy si\u0119 wiele lat, zawsze staraj\u0105c si\u0119 odpowiednio oceni\u0107 nasze mo\u017cliwo\u015bci, a zgromadzone do\u015bwiadczenie jasno pokazuje, \u017ce w ukochanym biznesie, z jasno wyznaczonym celem, granice niemo\u017cliwego wykraczaj\u0105 daleko poza horyzont .<\/p>\n<p>Dzi\u0119ki pasji, zaanga\u017cowaniu i nieustannemu d\u0105\u017ceniu do doskona\u0142o\u015bci, uda\u0142o nam si\u0119 zbudowa\u0107 zesp\u00f3\u0142, kt\u00f3ry nie boi si\u0119 wyzwa\u0144. Nasza wiedza i do\u015bwiadczenie pozwalaj\u0105 nam nie tylko dostarcza\u0107 wysokiej jako\u015bci produkty rolnicze, ale r\u00f3wnie\u017c opracowywa\u0107 innowacyjne rozwi\u0105zania, kt\u00f3re spe\u0142niaj\u0105 potrzeby naszych klient\u00f3w. W Intagro nie ograniczamy si\u0119 do tradycyjnych metod, ale stale poszukujemy nowych dr\u00f3g, by nasze dzia\u0142ania by\u0142y jeszcze bardziej efektywne, zr\u00f3wnowa\u017cone i odpowiedzialne.<\/p>\n<h3>Historia<\/h3>\n<p>Przez kilka lat swojej dzia\u0142alno\u015bci produkcja ta rozros\u0142a si\u0119 od skali \u201ekolankowej\u201d i najprostszych instalacji do pe\u0142noprawnego kompleksu produkcyjnego zdolnego do wytwarzania zautomatyzowanych linii o dowolnym stopniu z\u0142o\u017cono\u015bci. Dzi\u015b posiadamy w\u0142asne zaplecze in\u017cynieryjno-projektowe, obszary produkcyjne sk\u0142adaj\u0105ce si\u0119 ze strefy ci\u0119cia i siekania metali, strefy t\u0142oczenia, spawania i lutowania, warsztatu elektrycznego, tokarni i obr\u00f3bki metali, strefy pneumatyczno-hydraulicznej, plac monta\u017cowy i uruchomieniowy, a tak\u017ce magazyn zapas\u00f3w towarowych, magazyn wyrob\u00f3w gotowych oraz poligon do demonstracji produkowanych urz\u0105dze\u0144.<\/p>\n<p>Produkujemy ponad 20 typ\u00f3w sprz\u0119tu rolniczego w wielu krajach \u015bwiata.<\/p>\n","protected":false},"excerpt":{"rendered":"<p>O nas Regularnie zadajemy sobie pytanie: kim jeste\u015bmy i co mo\u017cemy zrobi\u0107? I za ka\u017cdym razem odpowied\u017a na to pytanie staje si\u0119 coraz trudniejsza, w miar\u0119 jak poj\u0119cie \u201emy\u201d ro\u015bnie w liczbie swoich cz\u0142onk\u00f3w, a \u201emo\u017cemy zrobi\u0107\u201d poszerza sw\u00f3j zakres i wiedz\u0119. O nas ale jedno pozostaje oczywiste: jeste\u015bmy ca\u0142\u0105 kolektywem, zespo\u0142em, kt\u00f3rego \u0142\u0105czy jeden [&hellip;]<\/p>\n","protected":false},"author":2,"featured_media":0,"parent":0,"menu_order":0,"comment_status":"closed","ping_status":"closed","template":"add.php","meta":{"inline_featured_image":false,"ngg_post_thumbnail":0,"footnotes":""},"class_list":["post-1316","page","type-page","status-publish","hentry"],"acf":[],"yoast_head":"<!-- This site is optimized with the Yoast SEO plugin v24.2 - https:\/\/yoast.com\/wordpress\/plugins\/seo\/ -->\n<title>O nas - O nas - \u043c\u0438 \u0454 \u043a\u043e\u043c\u0430\u043d\u0434\u043e\u044e \u043f\u0440\u043e\u0444\u0435\u0441\u0456\u043e\u043d\u0430\u043b\u0456\u0432[:]<\/title>\n<meta name=\"description\" content=\"O nas \u2013 \u043c\u0438 \u0432\u0438\u0440\u043e\u0431\u043d\u0438\u043a\u0438 \u0441\u0456\u043b\u044c\u0441\u044c\u043a\u043e\u0433\u043e\u0441\u043f\u043e\u0434\u0430\u0440\u0441\u044c\u043a\u043e\u0433\u043e \u043e\u0431\u043b\u0430\u0434\u043d\u0430\u043d\u043d\u044f, \u0449\u043e \u043f\u0440\u043e\u043f\u043e\u043d\u0443\u0454\u043c\u043e \u043d\u0430\u0434\u0456\u0439\u043d\u0456 \u0440\u0456\u0448\u0435\u043d\u043d\u044f \u0434\u043b\u044f \u0430\u0433\u0440\u0430\u0440\u0456\u0457\u0432 \u0431\u0443\u0434\u044c-\u044f\u043a\u043e\u0457 \u0441\u043a\u043b\u0430\u0434\u043d\u043e\u0441\u0442\u0456.\" \/>\n<meta name=\"robots\" content=\"index, follow, max-snippet:-1, max-image-preview:large, max-video-preview:-1\" \/>\n<link rel=\"canonical\" href=\"https:\/\/intagrotech.com\/pl\/pro-nas\/\" \/>\n<meta property=\"og:locale\" content=\"pl_PL\" \/>\n<meta property=\"og:locale:alternate\" content=\"uk\" \/>\n<meta property=\"og:locale:alternate\" content=\"ru_RU\" \/>\n<meta property=\"og:locale:alternate\" content=\"en\" \/>\n<meta property=\"og:locale:alternate\" content=\"de\" \/>\n<meta property=\"og:type\" content=\"article\" \/>\n<meta property=\"og:title\" content=\"O nasO nas\" \/>\n<meta property=\"og:description\" content=\"O nas \u2013 \u043c\u0438 \u0432\u0438\u0440\u043e\u0431\u043d\u0438\u043a\u0438 \u0441\u0456\u043b\u044c\u0441\u044c\u043a\u043e\u0433\u043e\u0441\u043f\u043e\u0434\u0430\u0440\u0441\u044c\u043a\u043e\u0433\u043e \u043e\u0431\u043b\u0430\u0434\u043d\u0430\u043d\u043d\u044f, \u0449\u043e \u043f\u0440\u043e\u043f\u043e\u043d\u0443\u0454\u043c\u043e \u043d\u0430\u0434\u0456\u0439\u043d\u0456 \u0440\u0456\u0448\u0435\u043d\u043d\u044f \u0434\u043b\u044f \u0430\u0433\u0440\u0430\u0440\u0456\u0457\u0432 \u0431\u0443\u0434\u044c-\u044f\u043a\u043e\u0457 \u0441\u043a\u043b\u0430\u0434\u043d\u043e\u0441\u0442\u0456.\" \/>\n<meta property=\"og:url\" content=\"https:\/\/intagrotech.com\/pl\/pro-nas\/\" \/>\n<meta property=\"og:site_name\" content=\"Intagro\" \/>\n<meta property=\"article:modified_time\" content=\"2025-01-11T10:42:25+00:00\" \/>\n<meta name=\"twitter:card\" content=\"summary_large_image\" \/>\n<meta name=\"twitter:label1\" content=\"Szacowany czas czytania\" \/>\n\t<meta name=\"twitter:data1\" content=\"2 minuty\" \/>\n<script type=\"application\/ld+json\" class=\"yoast-schema-graph\">{\"@context\":\"https:\/\/schema.org\",\"@graph\":[{\"@type\":\"WebPage\",\"@id\":\"https:\/\/intagrotech.com\/ru\/pro-nas\/\",\"url\":\"https:\/\/intagrotech.com\/ru\/pro-nas\/\",\"name\":\"O nasO nas\",\"isPartOf\":{\"@id\":\"https:\/\/intagrotech.com\/#website\"},\"datePublished\":\"2023-09-07T10:58:45+00:00\",\"dateModified\":\"2025-01-11T10:42:25+00:00\",\"description\":\"O nas \u2013 \u043c\u0438 \u0432\u0438\u0440\u043e\u0431\u043d\u0438\u043a\u0438 \u0441\u0456\u043b\u044c\u0441\u044c\u043a\u043e\u0433\u043e\u0441\u043f\u043e\u0434\u0430\u0440\u0441\u044c\u043a\u043e\u0433\u043e \u043e\u0431\u043b\u0430\u0434\u043d\u0430\u043d\u043d\u044f, \u0449\u043e \u043f\u0440\u043e\u043f\u043e\u043d\u0443\u0454\u043c\u043e \u043d\u0430\u0434\u0456\u0439\u043d\u0456 \u0440\u0456\u0448\u0435\u043d\u043d\u044f \u0434\u043b\u044f \u0430\u0433\u0440\u0430\u0440\u0456\u0457\u0432 \u0431\u0443\u0434\u044c-\u044f\u043a\u043e\u0457 \u0441\u043a\u043b\u0430\u0434\u043d\u043e\u0441\u0442\u0456.\",\"inLanguage\":\"pl\",\"potentialAction\":[{\"@type\":\"ReadAction\",\"target\":[\"https:\/\/intagrotech.com\/ru\/pro-nas\/\"]}]},{\"@type\":\"WebSite\",\"@id\":\"https:\/\/intagrotech.com\/#website\",\"url\":\"https:\/\/intagrotech.com\/\",\"name\":\"Intagrotech\",\"description\":\"Intagro - NAJLEPSZE MIEJSCE DO ZAKUPU SPRZ\u0118TU ROLNEGO NA UKRAINIE\",\"publisher\":{\"@id\":\"https:\/\/intagrotech.com\/#organization\"},\"potentialAction\":[{\"@type\":\"SearchAction\",\"target\":{\"@type\":\"EntryPoint\",\"urlTemplate\":\"https:\/\/intagrotech.com\/?s={search_term_string}\"},\"query-input\":{\"@type\":\"PropertyValueSpecification\",\"valueRequired\":true,\"valueName\":\"search_term_string\"}}],\"inLanguage\":\"pl\"},{\"@type\":\"Organization\",\"@id\":\"https:\/\/intagrotech.com\/#organization\",\"name\":\"Intagrotech\",\"url\":\"https:\/\/intagrotech.com\/\",\"logo\":{\"@type\":\"ImageObject\",\"inLanguage\":\"pl\",\"@id\":\"https:\/\/intagrotech.com\/#\/schema\/logo\/image\/\",\"url\":\"https:\/\/intagrotech.com\/wp-content\/uploads\/2024\/04\/intagro-logo-header.png\",\"contentUrl\":\"https:\/\/intagrotech.com\/wp-content\/uploads\/2024\/04\/intagro-logo-header.png\",\"width\":2377,\"height\":565,\"caption\":\"Intagrotech\"},\"image\":{\"@id\":\"https:\/\/intagrotech.com\/#\/schema\/logo\/image\/\"}}]}<\/script>\n<!-- \/ Yoast SEO plugin. -->","yoast_head_json":{"title":"O nas - O nas - \u043c\u0438 \u0454 \u043a\u043e\u043c\u0430\u043d\u0434\u043e\u044e \u043f\u0440\u043e\u0444\u0435\u0441\u0456\u043e\u043d\u0430\u043b\u0456\u0432[:]","description":"O nas \u2013 \u043c\u0438 \u0432\u0438\u0440\u043e\u0431\u043d\u0438\u043a\u0438 \u0441\u0456\u043b\u044c\u0441\u044c\u043a\u043e\u0433\u043e\u0441\u043f\u043e\u0434\u0430\u0440\u0441\u044c\u043a\u043e\u0433\u043e \u043e\u0431\u043b\u0430\u0434\u043d\u0430\u043d\u043d\u044f, \u0449\u043e \u043f\u0440\u043e\u043f\u043e\u043d\u0443\u0454\u043c\u043e \u043d\u0430\u0434\u0456\u0439\u043d\u0456 \u0440\u0456\u0448\u0435\u043d\u043d\u044f \u0434\u043b\u044f \u0430\u0433\u0440\u0430\u0440\u0456\u0457\u0432 \u0431\u0443\u0434\u044c-\u044f\u043a\u043e\u0457 \u0441\u043a\u043b\u0430\u0434\u043d\u043e\u0441\u0442\u0456.","robots":{"index":"index","follow":"follow","max-snippet":"max-snippet:-1","max-image-preview":"max-image-preview:large","max-video-preview":"max-video-preview:-1"},"canonical":"https:\/\/intagrotech.com\/pl\/pro-nas\/","og_locale":"pl_PL","og_type":"article","og_title":"[:ru][:uk]\u041f\u0440\u043e \u043d\u0430\u0441[:ru]\u041e \u043d\u0430\u0441[:en]About us[:de]\u00dcber uns[:pl]O nas[:] - \u044f\u0432\u043b\u044f\u0435\u043c\u0441\u044f \u043a\u043e\u043c\u0430\u043d\u0434\u043e\u0439 \u043f\u0440\u043e\u0444\u0435\u0441\u0441\u0438\u043e\u043d\u0430\u043b\u043e\u0432[:uk][:uk]\u041f\u0440\u043e \u043d\u0430\u0441[:ru]\u041e \u043d\u0430\u0441[:en]About us[:de]\u00dcber uns[:pl]O nas[:] - \u043c\u0438 \u0454 \u043a\u043e\u043c\u0430\u043d\u0434\u043e\u044e \u043f\u0440\u043e\u0444\u0435\u0441\u0456\u043e\u043d\u0430\u043b\u0456\u0432[:]","og_description":"[:ru]\u041e \u043d\u0430\u0441 - Intagro \u043f\u0440\u043e\u0438\u0437\u0432\u043e\u0434\u0438\u0442\u0435\u043b\u0438 \u0441\u0435\u043b\u044c\u0441\u043a\u043e\u0445\u043e\u0437\u044f\u0439\u0441\u0442\u0432\u0435\u043d\u043d\u043e\u0433\u043e \u043e\u0431\u043e\u0440\u0443\u0434\u043e\u0432\u0430\u043d\u0438\u044f, \u043f\u0440\u0435\u0434\u043b\u0430\u0433\u0430\u044e\u0449\u0438\u0439 \u043d\u0430\u0434\u0435\u0436\u043d\u044b\u0435 \u0440\u0435\u0448\u0435\u043d\u0438\u044f \u0434\u043b\u044f \u0430\u0433\u0440\u0430\u0440\u0438\u0435\u0432 \u043b\u044e\u0431\u043e\u0439 \u0441\u043b\u043e\u0436\u043d\u043e\u0441\u0442\u0438.[:uk]Intagro \u2013 \u043c\u0438 \u0432\u0438\u0440\u043e\u0431\u043d\u0438\u043a\u0438 \u0441\u0456\u043b\u044c\u0441\u044c\u043a\u043e\u0433\u043e\u0441\u043f\u043e\u0434\u0430\u0440\u0441\u044c\u043a\u043e\u0433\u043e \u043e\u0431\u043b\u0430\u0434\u043d\u0430\u043d\u043d\u044f, \u0449\u043e \u043f\u0440\u043e\u043f\u043e\u043d\u0443\u0454\u043c\u043e \u043d\u0430\u0434\u0456\u0439\u043d\u0456 \u0440\u0456\u0448\u0435\u043d\u043d\u044f \u0434\u043b\u044f \u0430\u0433\u0440\u0430\u0440\u0456\u0457\u0432 \u0431\u0443\u0434\u044c-\u044f\u043a\u043e\u0457 \u0441\u043a\u043b\u0430\u0434\u043d\u043e\u0441\u0442\u0456.[:en]About us \u2013 \u043c\u0438 \u0432\u0438\u0440\u043e\u0431\u043d\u0438\u043a\u0438 \u0441\u0456\u043b\u044c\u0441\u044c\u043a\u043e\u0433\u043e\u0441\u043f\u043e\u0434\u0430\u0440\u0441\u044c\u043a\u043e\u0433\u043e \u043e\u0431\u043b\u0430\u0434\u043d\u0430\u043d\u043d\u044f, \u0449\u043e \u043f\u0440\u043e\u043f\u043e\u043d\u0443\u0454\u043c\u043e \u043d\u0430\u0434\u0456\u0439\u043d\u0456 \u0440\u0456\u0448\u0435\u043d\u043d\u044f \u0434\u043b\u044f \u0430\u0433\u0440\u0430\u0440\u0456\u0457\u0432 \u0431\u0443\u0434\u044c-\u044f\u043a\u043e\u0457 \u0441\u043a\u043b\u0430\u0434\u043d\u043e\u0441\u0442\u0456.[:de]\u00dcber uns \u2013 \u043c\u0438 \u0432\u0438\u0440\u043e\u0431\u043d\u0438\u043a\u0438 \u0441\u0456\u043b\u044c\u0441\u044c\u043a\u043e\u0433\u043e\u0441\u043f\u043e\u0434\u0430\u0440\u0441\u044c\u043a\u043e\u0433\u043e \u043e\u0431\u043b\u0430\u0434\u043d\u0430\u043d\u043d\u044f, \u0449\u043e \u043f\u0440\u043e\u043f\u043e\u043d\u0443\u0454\u043c\u043e \u043d\u0430\u0434\u0456\u0439\u043d\u0456 \u0440\u0456\u0448\u0435\u043d\u043d\u044f \u0434\u043b\u044f \u0430\u0433\u0440\u0430\u0440\u0456\u0457\u0432 \u0431\u0443\u0434\u044c-\u044f\u043a\u043e\u0457 \u0441\u043a\u043b\u0430\u0434\u043d\u043e\u0441\u0442\u0456.[:pl]O nas \u2013 \u043c\u0438 \u0432\u0438\u0440\u043e\u0431\u043d\u0438\u043a\u0438 \u0441\u0456\u043b\u044c\u0441\u044c\u043a\u043e\u0433\u043e\u0441\u043f\u043e\u0434\u0430\u0440\u0441\u044c\u043a\u043e\u0433\u043e \u043e\u0431\u043b\u0430\u0434\u043d\u0430\u043d\u043d\u044f, \u0449\u043e \u043f\u0440\u043e\u043f\u043e\u043d\u0443\u0454\u043c\u043e \u043d\u0430\u0434\u0456\u0439\u043d\u0456 \u0440\u0456\u0448\u0435\u043d\u043d\u044f \u0434\u043b\u044f \u0430\u0433\u0440\u0430\u0440\u0456\u0457\u0432 \u0431\u0443\u0434\u044c-\u044f\u043a\u043e\u0457 \u0441\u043a\u043b\u0430\u0434\u043d\u043e\u0441\u0442\u0456.[:]","og_url":"https:\/\/intagrotech.com\/pl\/pro-nas\/","og_site_name":"Intagro","article_modified_time":"2025-01-11T10:42:25+00:00","twitter_card":"summary_large_image","twitter_misc":{"Szacowany czas czytania":"2 minuty"},"schema":{"@context":"https:\/\/schema.org","@graph":[{"@type":"WebPage","@id":"https:\/\/intagrotech.com\/ru\/pro-nas\/","url":"https:\/\/intagrotech.com\/ru\/pro-nas\/","name":"O nasO nas","isPartOf":{"@id":"https:\/\/intagrotech.com\/#website"},"datePublished":"2023-09-07T10:58:45+00:00","dateModified":"2025-01-11T10:42:25+00:00","description":"O nas \u2013 \u043c\u0438 \u0432\u0438\u0440\u043e\u0431\u043d\u0438\u043a\u0438 \u0441\u0456\u043b\u044c\u0441\u044c\u043a\u043e\u0433\u043e\u0441\u043f\u043e\u0434\u0430\u0440\u0441\u044c\u043a\u043e\u0433\u043e \u043e\u0431\u043b\u0430\u0434\u043d\u0430\u043d\u043d\u044f, \u0449\u043e \u043f\u0440\u043e\u043f\u043e\u043d\u0443\u0454\u043c\u043e \u043d\u0430\u0434\u0456\u0439\u043d\u0456 \u0440\u0456\u0448\u0435\u043d\u043d\u044f \u0434\u043b\u044f \u0430\u0433\u0440\u0430\u0440\u0456\u0457\u0432 \u0431\u0443\u0434\u044c-\u044f\u043a\u043e\u0457 \u0441\u043a\u043b\u0430\u0434\u043d\u043e\u0441\u0442\u0456.","inLanguage":"pl","potentialAction":[{"@type":"ReadAction","target":["https:\/\/intagrotech.com\/ru\/pro-nas\/"]}]},{"@type":"WebSite","@id":"https:\/\/intagrotech.com\/#website","url":"https:\/\/intagrotech.com\/","name":"Intagrotech","description":"Intagro - NAJLEPSZE MIEJSCE DO ZAKUPU SPRZ\u0118TU ROLNEGO NA UKRAINIE","publisher":{"@id":"https:\/\/intagrotech.com\/#organization"},"potentialAction":[{"@type":"SearchAction","target":{"@type":"EntryPoint","urlTemplate":"https:\/\/intagrotech.com\/?s={search_term_string}"},"query-input":{"@type":"PropertyValueSpecification","valueRequired":true,"valueName":"search_term_string"}}],"inLanguage":"pl"},{"@type":"Organization","@id":"https:\/\/intagrotech.com\/#organization","name":"Intagrotech","url":"https:\/\/intagrotech.com\/","logo":{"@type":"ImageObject","inLanguage":"pl","@id":"https:\/\/intagrotech.com\/#\/schema\/logo\/image\/","url":"https:\/\/intagrotech.com\/wp-content\/uploads\/2024\/04\/intagro-logo-header.png","contentUrl":"https:\/\/intagrotech.com\/wp-content\/uploads\/2024\/04\/intagro-logo-header.png","width":2377,"height":565,"caption":"Intagrotech"},"image":{"@id":"https:\/\/intagrotech.com\/#\/schema\/logo\/image\/"}}]}},"_links":{"self":[{"href":"https:\/\/intagrotech.com\/pl\/wp-json\/wp\/v2\/pages\/1316","targetHints":{"allow":["GET"]}}],"collection":[{"href":"https:\/\/intagrotech.com\/pl\/wp-json\/wp\/v2\/pages"}],"about":[{"href":"https:\/\/intagrotech.com\/pl\/wp-json\/wp\/v2\/types\/page"}],"author":[{"embeddable":true,"href":"https:\/\/intagrotech.com\/pl\/wp-json\/wp\/v2\/users\/2"}],"replies":[{"embeddable":true,"href":"https:\/\/intagrotech.com\/pl\/wp-json\/wp\/v2\/comments?post=1316"}],"version-history":[{"count":32,"href":"https:\/\/intagrotech.com\/pl\/wp-json\/wp\/v2\/pages\/1316\/revisions"}],"predecessor-version":[{"id":1321,"href":"https:\/\/intagrotech.com\/pl\/wp-json\/wp\/v2\/pages\/1316\/revisions\/1321"}],"wp:attachment":[{"href":"https:\/\/intagrotech.com\/pl\/wp-json\/wp\/v2\/media?parent=1316"}],"curies":[{"name":"wp","href":"https:\/\/api.w.org\/{rel}","templated":true}]}}