{"id":109,"date":"2023-04-17T23:11:58","date_gmt":"2023-04-17T20:11:58","guid":{"rendered":"https:\/\/intagrotech.com\/?page_id=109"},"modified":"2025-01-10T15:20:00","modified_gmt":"2025-01-10T13:20:00","slug":"nadannia-posluh-z-obrobky-metala","status":"publish","type":"page","link":"https:\/\/intagrotech.com\/pl\/nadannia-posluh-z-obrobky-metala\/","title":{"rendered":"US\u0141UGI OBR\u00d3BKI METALI"},"content":{"rendered":"<div class=\"item\">\n<div class=\"name\">Laserowe ci\u0119cie metalu<\/div>\n<div class=\"row\">\n<div class=\"desc\">\n<p>Maszyna do termicznego ci\u0119cia metalu o mocy 1,5 kW. Wymiary pola roboczego to 3000x1500mm. Maksymalna grubo\u015b\u0107 blachy wynosi 16 mm. Dok\u0142adno\u015b\u0107 pozycjonowania do 0,01 mm. Ci\u0119cie mo\u017cna wykona\u0107 tlenem, azotem i spr\u0119\u017conym powietrzem.<\/p>\n<p>Dodatkowe funkcje<\/p>\n<ul>\n<li>ci\u0119cie rur kwadratowych i okr\u0105g\u0142ych<\/li>\n<li>perforacja blachy<\/li>\n<li>znakowanie i grawerowanie<\/li>\n<\/ul>\n<\/div>\n<div class=\"image\">\n\t\t\t\t\t\t\t\t\t<img data-src=\"https:\/\/intagrotech.com\/wp-content\/themes\/fiellday\/img\/catalog_service1_img.jpg\" alt=\"\" class=\"lazyload\"><\/div>\n<\/div>\n<\/div>\n<div class=\"item\">\n<div class=\"name\">Pochylenie si\u0119<\/div>\n<div class=\"desc\">\n<p>Gi\u0119tarka CNC do blachy o maksymalnym nacisku 63 ton. Maksymalna grubo\u015b\u0107 wynosi 6 mm. Maksymalna d\u0142ugo\u015b\u0107 cz\u0119\u015bci to 2500 mm. Szeroka gama opcji gi\u0119cia (promieniowe, jednok\u0105towe, wielok\u0105towe itp.).<\/p>\n<\/div>\n<div class=\"image\">\n\t\t\t\t\t\t\t\t<img data-src=\"https:\/\/intagrotech.com\/wp-content\/themes\/fiellday\/img\/catalog_service2_img.jpg\" alt=\"\" class=\"lazyload\"><\/div>\n<\/div>\n<div class=\"item\">\n<div class=\"name\">Spawalniczy<\/div>\n<div class=\"row\">\n<div class=\"desc\">\n<p>P\u00f3\u0142automatami spawalniczymi MIG\/MAG\/FCAW\/MMA 323. Dzi\u0119ki wysokiej kontroli produkcji gwarantujemy wykonanie prac w mo\u017cliwie najkr\u00f3tszym czasie i wysokiej jako\u015bci.<\/p>\n<\/div>\n<div class=\"image\">\n\t\t\t\t\t\t\t\t\t<img data-src=\"https:\/\/intagrotech.com\/wp-content\/themes\/fiellday\/img\/catalog_service3_img.jpg\" alt=\"\" class=\"lazyload\"><\/div>\n<\/div>\n<\/div>\n<div class=\"bottom\">Nasza firma \u015bwiadczy r\u00f3wnie\u017c us\u0142ugi wsparcia in\u017cynieryjnego i technicznego dla naszych klient\u00f3w w oparciu o w\u0142asne biuro projektowe.<\/div>\n","protected":false},"excerpt":{"rendered":"<p>Laserowe ci\u0119cie metalu Maszyna do termicznego ci\u0119cia metalu o mocy 1,5 kW. Wymiary pola roboczego to 3000x1500mm. Maksymalna grubo\u015b\u0107 blachy wynosi 16 mm. Dok\u0142adno\u015b\u0107 pozycjonowania do 0,01 mm. Ci\u0119cie mo\u017cna wykona\u0107 tlenem, azotem i spr\u0119\u017conym powietrzem. Dodatkowe funkcje ci\u0119cie rur kwadratowych i okr\u0105g\u0142ych perforacja blachy znakowanie i grawerowanie Pochylenie si\u0119 Gi\u0119tarka CNC do blachy o [&hellip;]<\/p>\n","protected":false},"author":1,"featured_media":111,"parent":0,"menu_order":0,"comment_status":"closed","ping_status":"closed","template":"","meta":{"inline_featured_image":false,"ngg_post_thumbnail":0,"footnotes":""},"class_list":["post-109","page","type-page","status-publish","has-post-thumbnail","hentry"],"acf":[],"yoast_head":"<!-- This site is optimized with the Yoast SEO plugin v24.2 - https:\/\/yoast.com\/wordpress\/plugins\/seo\/ -->\n<title>US\u0141UGI OBR\u00d3BKI METALI - Intagro<\/title>\n<meta name=\"robots\" content=\"index, follow, max-snippet:-1, max-image-preview:large, max-video-preview:-1\" \/>\n<link rel=\"canonical\" href=\"https:\/\/intagrotech.com\/pl\/nadannia-posluh-z-obrobky-metala\/\" \/>\n<meta property=\"og:locale\" content=\"pl_PL\" \/>\n<meta property=\"og:locale:alternate\" content=\"uk\" \/>\n<meta property=\"og:locale:alternate\" content=\"ru_RU\" \/>\n<meta property=\"og:locale:alternate\" content=\"en\" \/>\n<meta property=\"og:locale:alternate\" content=\"de\" \/>\n<meta property=\"og:type\" content=\"article\" \/>\n<meta property=\"og:title\" content=\"US\u0141UGI OBR\u00d3BKI METALI\" \/>\n<meta property=\"og:description\" content=\"\u041b\u0430\u0437\u0435\u0440\u043d\u0430\u044f \u0440\u0435\u0437\u043a\u0430 \u043c\u0435\u0442\u0430\u043b\u043b\u0430 \u043c\u043e\u0449\u043d\u043e\u0441\u0442\u044c\u044e 1,5 \u043a\u0412\u0442 \u0441 \u0442\u043e\u0447\u043d\u043e\u0441\u0442\u044c\u044e \u0434\u043e 0,01 \u043c\u043c. \u0423\u0441\u043b\u0443\u0433\u0438 \u043f\u043e \u043e\u0431\u0440\u0430\u0431\u043e\u0442\u043a\u0435 \u043c\u0435\u0442\u0430\u043b\u043b\u0430 \u043f\u043e\u0434\u0434\u0435\u0440\u0436\u043a\u0430 \u043e\u0442 INTAGRO.\" \/>\n<meta property=\"og:url\" content=\"https:\/\/intagrotech.com\/pl\/nadannia-posluh-z-obrobky-metala\/\" \/>\n<meta property=\"og:site_name\" content=\"Intagro\" \/>\n<meta property=\"article:modified_time\" content=\"2025-01-10T13:20:00+00:00\" \/>\n<meta property=\"og:image\" content=\"https:\/\/intagrotech.com\/wp-content\/uploads\/2023\/04\/catalog_thumb3.png\" \/>\n\t<meta property=\"og:image:width\" content=\"213\" \/>\n\t<meta property=\"og:image:height\" content=\"195\" \/>\n\t<meta property=\"og:image:type\" content=\"image\/png\" \/>\n<meta name=\"twitter:card\" content=\"summary_large_image\" \/>\n<meta name=\"twitter:label1\" content=\"Szacowany czas czytania\" \/>\n\t<meta name=\"twitter:data1\" content=\"2 minuty\" \/>\n<script type=\"application\/ld+json\" class=\"yoast-schema-graph\">{\"@context\":\"https:\/\/schema.org\",\"@graph\":[{\"@type\":\"WebPage\",\"@id\":\"https:\/\/intagrotech.com\/ru\/nadannia-posluh-z-obrobky-metala\/\",\"url\":\"https:\/\/intagrotech.com\/ru\/nadannia-posluh-z-obrobky-metala\/\",\"name\":\"US\u0141UGI OBR\u00d3BKI METALI\",\"isPartOf\":{\"@id\":\"https:\/\/intagrotech.com\/#website\"},\"primaryImageOfPage\":{\"@id\":\"https:\/\/intagrotech.com\/ru\/nadannia-posluh-z-obrobky-metala\/#primaryimage\"},\"image\":{\"@id\":\"https:\/\/intagrotech.com\/ru\/nadannia-posluh-z-obrobky-metala\/#primaryimage\"},\"thumbnailUrl\":\"https:\/\/intagrotech.com\/wp-content\/uploads\/2023\/04\/catalog_thumb3.png\",\"datePublished\":\"2023-04-17T20:11:58+00:00\",\"dateModified\":\"2025-01-10T13:20:00+00:00\",\"description\":\"\u041b\u0430\u0437\u0435\u0440\u043d\u0430\u044f \u0440\u0435\u0437\u043a\u0430 \u043c\u0435\u0442\u0430\u043b\u043b\u0430 \u043c\u043e\u0449\u043d\u043e\u0441\u0442\u044c\u044e 1,5 \u043a\u0412\u0442 \u0441 \u0442\u043e\u0447\u043d\u043e\u0441\u0442\u044c\u044e \u0434\u043e 0,01 \u043c\u043c. \u0423\u0441\u043b\u0443\u0433\u0438 \u043f\u043e \u043e\u0431\u0440\u0430\u0431\u043e\u0442\u043a\u0435 \u043c\u0435\u0442\u0430\u043b\u043b\u0430 \u043f\u043e\u0434\u0434\u0435\u0440\u0436\u043a\u0430 \u043e\u0442 INTAGRO.\",\"inLanguage\":\"pl\",\"potentialAction\":[{\"@type\":\"ReadAction\",\"target\":[\"https:\/\/intagrotech.com\/ru\/nadannia-posluh-z-obrobky-metala\/\"]}]},{\"@type\":\"ImageObject\",\"inLanguage\":\"pl\",\"@id\":\"https:\/\/intagrotech.com\/ru\/nadannia-posluh-z-obrobky-metala\/#primaryimage\",\"url\":\"https:\/\/intagrotech.com\/wp-content\/uploads\/2023\/04\/catalog_thumb3.png\",\"contentUrl\":\"https:\/\/intagrotech.com\/wp-content\/uploads\/2023\/04\/catalog_thumb3.png\",\"width\":213,\"height\":195},{\"@type\":\"WebSite\",\"@id\":\"https:\/\/intagrotech.com\/#website\",\"url\":\"https:\/\/intagrotech.com\/\",\"name\":\"Intagrotech\",\"description\":\"Intagro - NAJLEPSZE MIEJSCE DO ZAKUPU SPRZ\u0118TU ROLNEGO NA UKRAINIE\",\"publisher\":{\"@id\":\"https:\/\/intagrotech.com\/#organization\"},\"potentialAction\":[{\"@type\":\"SearchAction\",\"target\":{\"@type\":\"EntryPoint\",\"urlTemplate\":\"https:\/\/intagrotech.com\/?s={search_term_string}\"},\"query-input\":{\"@type\":\"PropertyValueSpecification\",\"valueRequired\":true,\"valueName\":\"search_term_string\"}}],\"inLanguage\":\"pl\"},{\"@type\":\"Organization\",\"@id\":\"https:\/\/intagrotech.com\/#organization\",\"name\":\"Intagrotech\",\"url\":\"https:\/\/intagrotech.com\/\",\"logo\":{\"@type\":\"ImageObject\",\"inLanguage\":\"pl\",\"@id\":\"https:\/\/intagrotech.com\/#\/schema\/logo\/image\/\",\"url\":\"https:\/\/intagrotech.com\/wp-content\/uploads\/2024\/04\/intagro-logo-header.png\",\"contentUrl\":\"https:\/\/intagrotech.com\/wp-content\/uploads\/2024\/04\/intagro-logo-header.png\",\"width\":2377,\"height\":565,\"caption\":\"Intagrotech\"},\"image\":{\"@id\":\"https:\/\/intagrotech.com\/#\/schema\/logo\/image\/\"}}]}<\/script>\n<!-- \/ Yoast SEO plugin. -->","yoast_head_json":{"title":"US\u0141UGI OBR\u00d3BKI METALI - Intagro","robots":{"index":"index","follow":"follow","max-snippet":"max-snippet:-1","max-image-preview":"max-image-preview:large","max-video-preview":"max-video-preview:-1"},"canonical":"https:\/\/intagrotech.com\/pl\/nadannia-posluh-z-obrobky-metala\/","og_locale":"pl_PL","og_type":"article","og_title":"[:ru]\u0423\u0421\u041b\u0423\u0413\u0418 \u041f\u041e \u041e\u0411\u0420\u0410\u0411\u041e\u0422\u041a\u0415 \u041c\u0415\u0422\u0410\u041b\u041b\u0410[:uk]\u041d\u0410\u0414\u0410\u041d\u041d\u042f \u041f\u041e\u0421\u041b\u0423\u0413 \u0417 \u041e\u0411\u0420\u041e\u0411\u041a\u0418 \u041c\u0415\u0422\u0410\u041b\u0410[:en]METAL PROCESSING SERVICES[:de]DIENSTLEISTUNGEN F\u00dcR DIE METALLVERARBEITUNG[:pl]US\u0141UGI OBR\u00d3BKI METALI[:] - Intagro","og_description":"\u041b\u0430\u0437\u0435\u0440\u043d\u0430\u044f \u0440\u0435\u0437\u043a\u0430 \u043c\u0435\u0442\u0430\u043b\u043b\u0430 \u043c\u043e\u0449\u043d\u043e\u0441\u0442\u044c\u044e 1,5 \u043a\u0412\u0442 \u0441 \u0442\u043e\u0447\u043d\u043e\u0441\u0442\u044c\u044e \u0434\u043e 0,01 \u043c\u043c. \u0423\u0441\u043b\u0443\u0433\u0438 \u043f\u043e \u043e\u0431\u0440\u0430\u0431\u043e\u0442\u043a\u0435 \u043c\u0435\u0442\u0430\u043b\u043b\u0430 \u043f\u043e\u0434\u0434\u0435\u0440\u0436\u043a\u0430 \u043e\u0442 INTAGRO.","og_url":"https:\/\/intagrotech.com\/pl\/nadannia-posluh-z-obrobky-metala\/","og_site_name":"Intagro","article_modified_time":"2025-01-10T13:20:00+00:00","og_image":[{"width":213,"height":195,"url":"https:\/\/intagrotech.com\/wp-content\/uploads\/2023\/04\/catalog_thumb3.png","type":"image\/png"}],"twitter_card":"summary_large_image","twitter_misc":{"Szacowany czas czytania":"2 minuty"},"schema":{"@context":"https:\/\/schema.org","@graph":[{"@type":"WebPage","@id":"https:\/\/intagrotech.com\/ru\/nadannia-posluh-z-obrobky-metala\/","url":"https:\/\/intagrotech.com\/ru\/nadannia-posluh-z-obrobky-metala\/","name":"US\u0141UGI OBR\u00d3BKI METALI","isPartOf":{"@id":"https:\/\/intagrotech.com\/#website"},"primaryImageOfPage":{"@id":"https:\/\/intagrotech.com\/ru\/nadannia-posluh-z-obrobky-metala\/#primaryimage"},"image":{"@id":"https:\/\/intagrotech.com\/ru\/nadannia-posluh-z-obrobky-metala\/#primaryimage"},"thumbnailUrl":"https:\/\/intagrotech.com\/wp-content\/uploads\/2023\/04\/catalog_thumb3.png","datePublished":"2023-04-17T20:11:58+00:00","dateModified":"2025-01-10T13:20:00+00:00","description":"\u041b\u0430\u0437\u0435\u0440\u043d\u0430\u044f \u0440\u0435\u0437\u043a\u0430 \u043c\u0435\u0442\u0430\u043b\u043b\u0430 \u043c\u043e\u0449\u043d\u043e\u0441\u0442\u044c\u044e 1,5 \u043a\u0412\u0442 \u0441 \u0442\u043e\u0447\u043d\u043e\u0441\u0442\u044c\u044e \u0434\u043e 0,01 \u043c\u043c. \u0423\u0441\u043b\u0443\u0433\u0438 \u043f\u043e \u043e\u0431\u0440\u0430\u0431\u043e\u0442\u043a\u0435 \u043c\u0435\u0442\u0430\u043b\u043b\u0430 \u043f\u043e\u0434\u0434\u0435\u0440\u0436\u043a\u0430 \u043e\u0442 INTAGRO.","inLanguage":"pl","potentialAction":[{"@type":"ReadAction","target":["https:\/\/intagrotech.com\/ru\/nadannia-posluh-z-obrobky-metala\/"]}]},{"@type":"ImageObject","inLanguage":"pl","@id":"https:\/\/intagrotech.com\/ru\/nadannia-posluh-z-obrobky-metala\/#primaryimage","url":"https:\/\/intagrotech.com\/wp-content\/uploads\/2023\/04\/catalog_thumb3.png","contentUrl":"https:\/\/intagrotech.com\/wp-content\/uploads\/2023\/04\/catalog_thumb3.png","width":213,"height":195},{"@type":"WebSite","@id":"https:\/\/intagrotech.com\/#website","url":"https:\/\/intagrotech.com\/","name":"Intagrotech","description":"Intagro - NAJLEPSZE MIEJSCE DO ZAKUPU SPRZ\u0118TU ROLNEGO NA UKRAINIE","publisher":{"@id":"https:\/\/intagrotech.com\/#organization"},"potentialAction":[{"@type":"SearchAction","target":{"@type":"EntryPoint","urlTemplate":"https:\/\/intagrotech.com\/?s={search_term_string}"},"query-input":{"@type":"PropertyValueSpecification","valueRequired":true,"valueName":"search_term_string"}}],"inLanguage":"pl"},{"@type":"Organization","@id":"https:\/\/intagrotech.com\/#organization","name":"Intagrotech","url":"https:\/\/intagrotech.com\/","logo":{"@type":"ImageObject","inLanguage":"pl","@id":"https:\/\/intagrotech.com\/#\/schema\/logo\/image\/","url":"https:\/\/intagrotech.com\/wp-content\/uploads\/2024\/04\/intagro-logo-header.png","contentUrl":"https:\/\/intagrotech.com\/wp-content\/uploads\/2024\/04\/intagro-logo-header.png","width":2377,"height":565,"caption":"Intagrotech"},"image":{"@id":"https:\/\/intagrotech.com\/#\/schema\/logo\/image\/"}}]}},"_links":{"self":[{"href":"https:\/\/intagrotech.com\/pl\/wp-json\/wp\/v2\/pages\/109","targetHints":{"allow":["GET"]}}],"collection":[{"href":"https:\/\/intagrotech.com\/pl\/wp-json\/wp\/v2\/pages"}],"about":[{"href":"https:\/\/intagrotech.com\/pl\/wp-json\/wp\/v2\/types\/page"}],"author":[{"embeddable":true,"href":"https:\/\/intagrotech.com\/pl\/wp-json\/wp\/v2\/users\/1"}],"replies":[{"embeddable":true,"href":"https:\/\/intagrotech.com\/pl\/wp-json\/wp\/v2\/comments?post=109"}],"version-history":[{"count":23,"href":"https:\/\/intagrotech.com\/pl\/wp-json\/wp\/v2\/pages\/109\/revisions"}],"predecessor-version":[{"id":3707,"href":"https:\/\/intagrotech.com\/pl\/wp-json\/wp\/v2\/pages\/109\/revisions\/3707"}],"wp:featuredmedia":[{"embeddable":true,"href":"https:\/\/intagrotech.com\/pl\/wp-json\/wp\/v2\/media\/111"}],"wp:attachment":[{"href":"https:\/\/intagrotech.com\/pl\/wp-json\/wp\/v2\/media?parent=109"}],"curies":[{"name":"wp","href":"https:\/\/api.w.org\/{rel}","templated":true}]}}