{"id":30,"date":"2023-04-17T19:37:48","date_gmt":"2023-04-17T16:37:48","guid":{"rendered":"https:\/\/intagrotech.com\/?page_id=30"},"modified":"2026-02-10T19:56:23","modified_gmt":"2026-02-10T17:56:23","slug":"servisne-i-harantiine-obsluhovuvannia-silhosptekhniky","status":"publish","type":"page","link":"https:\/\/intagrotech.com\/de\/servisne-i-harantiine-obsluhovuvannia-silhosptekhniky\/","title":{"rendered":"SERVICE UND GARANTIE"},"content":{"rendered":"\r\n<p>Wir bieten Service.<br>Wir verwenden Originalersatzteile und Verbrauchsmaterialien f\u00fcr Sonnenblumenerntemaschinen.<\/p>\r\n\r\n\r\n\r\n<p>Arten von Reparaturarbeiten:<\/p>\r\n\r\n\r\n\r\n<ul class=\"wp-block-list\">\r\n<li>Defekterkennung (Erkennung von Fehlfunktionen) der Erntemaschine<\/li>\r\n\r\n\r\n\r\n<li>Vollst\u00e4ndiger oder teilweiser Austausch des Bodens der Erntemaschine<br>Jeder defekte INTAGRO-Harvester, den wir zur Reparatur annehmen, wird in unserer eigenen Werkstatt komplett repariert. Zun\u00e4chst werden die Erntemaschinen gr\u00fcndlich gereinigt und auf M\u00e4ngel untersucht. Dann werden die Antriebskomponenten und Lager auf ihre Funktion gepr\u00fcft, der M\u00e4hdrescher richtig eingestellt und alle verschlissenen Teile ausgetauscht. Fertige Produkte werden lackiert.<\/li>\r\n<\/ul>\r\n\r\n\r\n\r\n<p>Wir sind sicher, dass die Leistung general\u00fcberholter Erntemaschinen neuen Erntemaschinen in nichts nachsteht. Mit Hilfe der Reparatur k\u00f6nnen Sie die Ressourcen von Erntemaschinen bis zu 95% wiederherstellen. INTAGRO Service- und Reparaturspezialisten verf\u00fcgen \u00fcber die erforderlichen Qualifikationen. Die Kosten und Bedingungen der Reparaturarbeiten werden im Voraus festgelegt.<\/p>\r\n\r\n\r\n\r\n<p>Original-Ersatzteile sind immer auf Lager:<br>Buchsen, Kettenr\u00e4der, Ketten, Messer, \u00d6ldichtungen, Zahnr\u00e4der, Unterlegscheiben, Wellen, Platten, Ringe, Schl\u00fcssel, Messermutterabdeckungen usw.<br>Wenden Sie sich an Fachleute, um herauszufinden, welches Teil f\u00fcr eine bestimmte Panne erforderlich ist und wie hoch die Reparaturkosten sind.<br>Kontaktieren Sie uns und wir beraten Sie professionell.<\/p>\r\n","protected":false},"excerpt":{"rendered":"<p>Wir bieten Service.Wir verwenden Originalersatzteile und Verbrauchsmaterialien f\u00fcr Sonnenblumenerntemaschinen. Arten von Reparaturarbeiten: Wir sind sicher, dass die Leistung general\u00fcberholter Erntemaschinen neuen Erntemaschinen in nichts nachsteht. Mit Hilfe der Reparatur k\u00f6nnen Sie die Ressourcen von Erntemaschinen bis zu 95% wiederherstellen. INTAGRO Service- und Reparaturspezialisten verf\u00fcgen \u00fcber die erforderlichen Qualifikationen. Die Kosten und Bedingungen der Reparaturarbeiten werden [&hellip;]<\/p>\n","protected":false},"author":1,"featured_media":0,"parent":0,"menu_order":0,"comment_status":"closed","ping_status":"closed","template":"","meta":{"inline_featured_image":false,"ngg_post_thumbnail":0,"footnotes":""},"class_list":["post-30","page","type-page","status-publish","hentry"],"acf":[],"yoast_head":"<!-- This site is optimized with the Yoast SEO plugin v24.2 - https:\/\/yoast.com\/wordpress\/plugins\/seo\/ -->\n<title>SERVICE UND GARANTIE - \u0421\u0435\u0440\u0432\u0438\u0441\u043d\u043e\u0435 \u043e\u0431\u0441\u043b\u0443\u0436\u0438\u0432\u0430\u043d\u0438\u0435 \u0438 \u0440\u0435\u043c\u043e\u043d\u0442[:]<\/title>\n<meta name=\"robots\" content=\"index, follow, max-snippet:-1, max-image-preview:large, max-video-preview:-1\" \/>\n<link rel=\"canonical\" href=\"https:\/\/intagrotech.com\/de\/servisne-i-harantiine-obsluhovuvannia-silhosptekhniky\/\" \/>\n<meta property=\"og:locale\" content=\"de_DE\" \/>\n<meta property=\"og:locale:alternate\" content=\"uk\" \/>\n<meta property=\"og:locale:alternate\" content=\"ru_RU\" \/>\n<meta property=\"og:locale:alternate\" content=\"en\" \/>\n<meta property=\"og:locale:alternate\" content=\"pl\" \/>\n<meta property=\"og:type\" content=\"article\" \/>\n<meta property=\"og:title\" content=\"SERVICE UND GARANTIE\" \/>\n<meta property=\"og:description\" content=\"\" \/>\n<meta property=\"og:url\" content=\"https:\/\/intagrotech.com\/de\/servisne-i-harantiine-obsluhovuvannia-silhosptekhniky\/\" \/>\n<meta property=\"og:site_name\" content=\"Intagro\" \/>\n<meta property=\"article:modified_time\" content=\"2026-02-10T17:56:23+00:00\" \/>\n<meta name=\"twitter:card\" content=\"summary_large_image\" \/>\n<meta name=\"twitter:label1\" content=\"Gesch\u00e4tzte Lesezeit\" \/>\n\t<meta name=\"twitter:data1\" content=\"1\u00a0Minute\" \/>\n<script type=\"application\/ld+json\" class=\"yoast-schema-graph\">{\"@context\":\"https:\/\/schema.org\",\"@graph\":[{\"@type\":\"WebPage\",\"@id\":\"https:\/\/intagrotech.com\/servisne-i-harantiine-obsluhovuvannia-silhosptekhniky\/\",\"url\":\"https:\/\/intagrotech.com\/servisne-i-harantiine-obsluhovuvannia-silhosptekhniky\/\",\"name\":\"SERVICE UND GARANTIE\",\"isPartOf\":{\"@id\":\"https:\/\/intagrotech.com\/#website\"},\"datePublished\":\"2023-04-17T16:37:48+00:00\",\"dateModified\":\"2026-02-10T17:56:23+00:00\",\"description\":\"\",\"inLanguage\":\"de\",\"potentialAction\":[{\"@type\":\"ReadAction\",\"target\":[\"https:\/\/intagrotech.com\/servisne-i-harantiine-obsluhovuvannia-silhosptekhniky\/\"]}]},{\"@type\":\"WebSite\",\"@id\":\"https:\/\/intagrotech.com\/#website\",\"url\":\"https:\/\/intagrotech.com\/\",\"name\":\"Intagrotech\",\"description\":\"Intagro - \u041d\u0410\u0419\u041a\u0420\u0410\u0429\u0415 \u041c\u0406\u0421\u0426\u0415 \u0414\u041b\u042f \u0422\u041e\u0413\u041e \u0429\u041e\u0411 \u041a\u0423\u041f\u0418\u0422\u0418 \u0421\u0406\u041b\u042c\u0413\u041e\u0421\u041f\u0422\u0415\u0425\u041d\u0406\u041a\u0423 \u0412 \u0423\u041a\u0420\u0410\u0407\u041d\u0406\",\"publisher\":{\"@id\":\"https:\/\/intagrotech.com\/#organization\"},\"potentialAction\":[{\"@type\":\"SearchAction\",\"target\":{\"@type\":\"EntryPoint\",\"urlTemplate\":\"https:\/\/intagrotech.com\/?s={search_term_string}\"},\"query-input\":{\"@type\":\"PropertyValueSpecification\",\"valueRequired\":true,\"valueName\":\"search_term_string\"}}],\"inLanguage\":\"de\"},{\"@type\":\"Organization\",\"@id\":\"https:\/\/intagrotech.com\/#organization\",\"name\":\"Intagrotech\",\"url\":\"https:\/\/intagrotech.com\/\",\"logo\":{\"@type\":\"ImageObject\",\"inLanguage\":\"de\",\"@id\":\"https:\/\/intagrotech.com\/#\/schema\/logo\/image\/\",\"url\":\"https:\/\/intagrotech.com\/wp-content\/uploads\/2024\/04\/intagro-logo-header.png\",\"contentUrl\":\"https:\/\/intagrotech.com\/wp-content\/uploads\/2024\/04\/intagro-logo-header.png\",\"width\":2377,\"height\":565,\"caption\":\"Intagrotech\"},\"image\":{\"@id\":\"https:\/\/intagrotech.com\/#\/schema\/logo\/image\/\"}}]}<\/script>\n<!-- \/ Yoast SEO plugin. -->","yoast_head_json":{"title":"SERVICE UND GARANTIE - \u0421\u0435\u0440\u0432\u0438\u0441\u043d\u043e\u0435 \u043e\u0431\u0441\u043b\u0443\u0436\u0438\u0432\u0430\u043d\u0438\u0435 \u0438 \u0440\u0435\u043c\u043e\u043d\u0442[:]","robots":{"index":"index","follow":"follow","max-snippet":"max-snippet:-1","max-image-preview":"max-image-preview:large","max-video-preview":"max-video-preview:-1"},"canonical":"https:\/\/intagrotech.com\/de\/servisne-i-harantiine-obsluhovuvannia-silhosptekhniky\/","og_locale":"de_DE","og_type":"article","og_title":"[:ru][:uk]\u0421\u0415\u0420\u0412\u0406\u0421 \u0406 \u0413\u0410\u0420\u0410\u041d\u0422\u0406\u042f[:ru]\u0421\u0415\u0420\u0412\u0418\u0421 \u0418 \u0413\u0410\u0420\u0410\u041d\u0422\u0418\u042f[:en]SERVICE AND WARRANTY[:de]SERVICE UND GARANTIE[:pl]SERWIS I GWARANCJA[:] - \u0421\u0435\u0440\u0432\u0438\u0441\u043d\u043e\u0435 \u043e\u0431\u0441\u043b\u0443\u0436\u0438\u0432\u0430\u043d\u0438\u0435 \u0438 \u0440\u0435\u043c\u043e\u043d\u0442[:]","og_description":"[:ru]\u0421\u0435\u0440\u0432\u0438\u0441 \u0438 \u0433\u0430\u0440\u0430\u043d\u0442\u0438\u044f - \u043f\u0440\u0435\u0434\u043e\u0441\u0442\u0430\u0432\u043b\u044f\u0435\u043c \u0441\u0435\u0440\u0432\u0438\u0441\u043d\u043e\u0435 \u043e\u0431\u0441\u043b\u0443\u0436\u0438\u0432\u0430\u043d\u0438\u0435 \u0438 \u0440\u0435\u043c\u043e\u043d\u0442 \u043f\u043e\u0434\u0441\u043e\u043b\u043d\u0435\u0447\u043d\u044b\u0445 \u0436\u0430\u0442\u043e\u043a, \u0438\u0441\u043f\u043e\u043b\u044c\u0437\u0443\u044f \u0442\u043e\u043b\u044c\u043a\u043e \u043e\u0440\u0438\u0433\u0438\u043d\u0430\u043b\u044c\u043d\u044b\u0435 \u0437\u0430\u043f\u0447\u0430\u0441\u0442\u0438.[:]","og_url":"https:\/\/intagrotech.com\/de\/servisne-i-harantiine-obsluhovuvannia-silhosptekhniky\/","og_site_name":"Intagro","article_modified_time":"2026-02-10T17:56:23+00:00","twitter_card":"summary_large_image","twitter_misc":{"Gesch\u00e4tzte Lesezeit":"1\u00a0Minute"},"schema":{"@context":"https:\/\/schema.org","@graph":[{"@type":"WebPage","@id":"https:\/\/intagrotech.com\/servisne-i-harantiine-obsluhovuvannia-silhosptekhniky\/","url":"https:\/\/intagrotech.com\/servisne-i-harantiine-obsluhovuvannia-silhosptekhniky\/","name":"SERVICE UND GARANTIE","isPartOf":{"@id":"https:\/\/intagrotech.com\/#website"},"datePublished":"2023-04-17T16:37:48+00:00","dateModified":"2026-02-10T17:56:23+00:00","description":"","inLanguage":"de","potentialAction":[{"@type":"ReadAction","target":["https:\/\/intagrotech.com\/servisne-i-harantiine-obsluhovuvannia-silhosptekhniky\/"]}]},{"@type":"WebSite","@id":"https:\/\/intagrotech.com\/#website","url":"https:\/\/intagrotech.com\/","name":"Intagrotech","description":"Intagro - \u041d\u0410\u0419\u041a\u0420\u0410\u0429\u0415 \u041c\u0406\u0421\u0426\u0415 \u0414\u041b\u042f \u0422\u041e\u0413\u041e \u0429\u041e\u0411 \u041a\u0423\u041f\u0418\u0422\u0418 \u0421\u0406\u041b\u042c\u0413\u041e\u0421\u041f\u0422\u0415\u0425\u041d\u0406\u041a\u0423 \u0412 \u0423\u041a\u0420\u0410\u0407\u041d\u0406","publisher":{"@id":"https:\/\/intagrotech.com\/#organization"},"potentialAction":[{"@type":"SearchAction","target":{"@type":"EntryPoint","urlTemplate":"https:\/\/intagrotech.com\/?s={search_term_string}"},"query-input":{"@type":"PropertyValueSpecification","valueRequired":true,"valueName":"search_term_string"}}],"inLanguage":"de"},{"@type":"Organization","@id":"https:\/\/intagrotech.com\/#organization","name":"Intagrotech","url":"https:\/\/intagrotech.com\/","logo":{"@type":"ImageObject","inLanguage":"de","@id":"https:\/\/intagrotech.com\/#\/schema\/logo\/image\/","url":"https:\/\/intagrotech.com\/wp-content\/uploads\/2024\/04\/intagro-logo-header.png","contentUrl":"https:\/\/intagrotech.com\/wp-content\/uploads\/2024\/04\/intagro-logo-header.png","width":2377,"height":565,"caption":"Intagrotech"},"image":{"@id":"https:\/\/intagrotech.com\/#\/schema\/logo\/image\/"}}]}},"_links":{"self":[{"href":"https:\/\/intagrotech.com\/de\/wp-json\/wp\/v2\/pages\/30","targetHints":{"allow":["GET"]}}],"collection":[{"href":"https:\/\/intagrotech.com\/de\/wp-json\/wp\/v2\/pages"}],"about":[{"href":"https:\/\/intagrotech.com\/de\/wp-json\/wp\/v2\/types\/page"}],"author":[{"embeddable":true,"href":"https:\/\/intagrotech.com\/de\/wp-json\/wp\/v2\/users\/1"}],"replies":[{"embeddable":true,"href":"https:\/\/intagrotech.com\/de\/wp-json\/wp\/v2\/comments?post=30"}],"version-history":[{"count":17,"href":"https:\/\/intagrotech.com\/de\/wp-json\/wp\/v2\/pages\/30\/revisions"}],"predecessor-version":[{"id":3909,"href":"https:\/\/intagrotech.com\/de\/wp-json\/wp\/v2\/pages\/30\/revisions\/3909"}],"wp:attachment":[{"href":"https:\/\/intagrotech.com\/de\/wp-json\/wp\/v2\/media?parent=30"}],"curies":[{"name":"wp","href":"https:\/\/api.w.org\/{rel}","templated":true}]}}