{"id":1316,"date":"2023-09-07T13:58:45","date_gmt":"2023-09-07T10:58:45","guid":{"rendered":"https:\/\/intagrotech.com\/?page_id=1316"},"modified":"2025-01-11T12:42:25","modified_gmt":"2025-01-11T10:42:25","slug":"pro-nas","status":"publish","type":"page","link":"https:\/\/intagrotech.com\/de\/pro-nas\/","title":{"rendered":"\u00dcber uns"},"content":{"rendered":"<h2><strong>\u00dcber uns<\/strong><\/h2>\n<p>Wir stellen uns regelm\u00e4\u00dfig die Frage: Wer sind wir und was k\u00f6nnen wir tun? Und jedes Mal wird die Antwort darauf immer schwieriger, da das Konzept \u201ewir\u201c immer mehr Mitglieder hat und \u201ewir k\u00f6nnen tun\u201c an Umfang und Wissen zunimmt.&nbsp; \u00dcber uns aber eines bleibt klar: Wir sind ein ganzes Kollektiv, ein Team, das durch ein einziges Ziel und einzige Vorlieben vereint ist. Wir lieben, was wir tun und tun alles mit Liebe.<\/p>\n<p>Intagro ist ein Team von Fachleuten, das in der Lage ist, nahezu jede Aufgabe im Bereich landwirtschaftlicher Produkte jeglicher Konfiguration und Komplexit\u00e4t zu l\u00f6sen. Und das ist kein Eigenlob oder ein Werbeslogan, der uns von unseren Mitbewerbern abhebt. Wir haben uns viele Jahre lang um die Verwirklichung dieser Tat bem\u00fcht und dabei stets versucht, unsere F\u00e4higkeiten angemessen einzusch\u00e4tzen, und die gesammelten Erfahrungen zeigen deutlich, dass in einem geliebten Gesch\u00e4ft mit einem klar gesetzten Ziel die Grenzen des Unm\u00f6glichen weit \u00fcber den Horizont hinausgehen.< \/p><\/p>\n<h3>Verlauf<\/h3>\n<p>Im Laufe der Jahre ihrer T\u00e4tigkeit hat sich diese Produktion von einem \u201ekniehohen\u201c Ma\u00dfstab und einfachsten Anlagen zu einem vollwertigen Produktionskomplex entwickelt, der in der Lage ist, automatisierte Linien jeder Komplexit\u00e4tsstufe herzustellen. Bis heute verf\u00fcgen wir \u00fcber eine eigene Konstruktions- und Konstruktionsbasis, Produktionsbereiche bestehend aus einer Metallschneide- und Zerkleinerungsabteilung, einer Presswalzabteilung, einer Schwei\u00df- und L\u00f6tabteilung, einer Elektrowerkstatt, einer Dreh- und Schlosserwerkstatt und einer pneumatisch-hydraulischen Abteilung , eine Montage- und Inbetriebnahmeabteilung sowie ein Lager f\u00fcr Warenbest\u00e4nde, ein Lager f\u00fcr Fertigprodukte und ein \u00dcbungsgel\u00e4nde f\u00fcr die Demonstration der hergestellten Ausr\u00fcstung.<\/p>\n<p>Wir stellen in vielen L\u00e4ndern der Welt mehr als 20 Arten landwirtschaftlicher Ger\u00e4te her.<\/p>\n","protected":false},"excerpt":{"rendered":"<p>\u00dcber uns Wir stellen uns regelm\u00e4\u00dfig die Frage: Wer sind wir und was k\u00f6nnen wir tun? Und jedes Mal wird die Antwort darauf immer schwieriger, da das Konzept \u201ewir\u201c immer mehr Mitglieder hat und \u201ewir k\u00f6nnen tun\u201c an Umfang und Wissen zunimmt.&nbsp; \u00dcber uns aber eines bleibt klar: Wir sind ein ganzes Kollektiv, ein Team, [&hellip;]<\/p>\n","protected":false},"author":2,"featured_media":0,"parent":0,"menu_order":0,"comment_status":"closed","ping_status":"closed","template":"add.php","meta":{"inline_featured_image":false,"ngg_post_thumbnail":0,"footnotes":""},"class_list":["post-1316","page","type-page","status-publish","hentry"],"acf":[],"yoast_head":"<!-- This site is optimized with the Yoast SEO plugin v24.2 - https:\/\/yoast.com\/wordpress\/plugins\/seo\/ -->\n<title>\u00dcber uns - \u00dcber uns - \u043c\u0438 \u0454 \u043a\u043e\u043c\u0430\u043d\u0434\u043e\u044e \u043f\u0440\u043e\u0444\u0435\u0441\u0456\u043e\u043d\u0430\u043b\u0456\u0432[:]<\/title>\n<meta name=\"description\" content=\"\u00dcber uns \u2013 \u043c\u0438 \u0432\u0438\u0440\u043e\u0431\u043d\u0438\u043a\u0438 \u0441\u0456\u043b\u044c\u0441\u044c\u043a\u043e\u0433\u043e\u0441\u043f\u043e\u0434\u0430\u0440\u0441\u044c\u043a\u043e\u0433\u043e \u043e\u0431\u043b\u0430\u0434\u043d\u0430\u043d\u043d\u044f, \u0449\u043e \u043f\u0440\u043e\u043f\u043e\u043d\u0443\u0454\u043c\u043e \u043d\u0430\u0434\u0456\u0439\u043d\u0456 \u0440\u0456\u0448\u0435\u043d\u043d\u044f \u0434\u043b\u044f \u0430\u0433\u0440\u0430\u0440\u0456\u0457\u0432 \u0431\u0443\u0434\u044c-\u044f\u043a\u043e\u0457 \u0441\u043a\u043b\u0430\u0434\u043d\u043e\u0441\u0442\u0456.\" \/>\n<meta name=\"robots\" content=\"index, follow, max-snippet:-1, max-image-preview:large, max-video-preview:-1\" \/>\n<link rel=\"canonical\" href=\"https:\/\/intagrotech.com\/de\/pro-nas\/\" \/>\n<meta property=\"og:locale\" content=\"de_DE\" \/>\n<meta property=\"og:locale:alternate\" content=\"uk\" \/>\n<meta property=\"og:locale:alternate\" content=\"ru_RU\" \/>\n<meta property=\"og:locale:alternate\" content=\"en\" \/>\n<meta property=\"og:locale:alternate\" content=\"pl\" \/>\n<meta property=\"og:type\" content=\"article\" \/>\n<meta property=\"og:title\" content=\"\u00dcber uns\u00dcber uns\" \/>\n<meta property=\"og:description\" content=\"\u00dcber uns \u2013 \u043c\u0438 \u0432\u0438\u0440\u043e\u0431\u043d\u0438\u043a\u0438 \u0441\u0456\u043b\u044c\u0441\u044c\u043a\u043e\u0433\u043e\u0441\u043f\u043e\u0434\u0430\u0440\u0441\u044c\u043a\u043e\u0433\u043e \u043e\u0431\u043b\u0430\u0434\u043d\u0430\u043d\u043d\u044f, \u0449\u043e \u043f\u0440\u043e\u043f\u043e\u043d\u0443\u0454\u043c\u043e \u043d\u0430\u0434\u0456\u0439\u043d\u0456 \u0440\u0456\u0448\u0435\u043d\u043d\u044f \u0434\u043b\u044f \u0430\u0433\u0440\u0430\u0440\u0456\u0457\u0432 \u0431\u0443\u0434\u044c-\u044f\u043a\u043e\u0457 \u0441\u043a\u043b\u0430\u0434\u043d\u043e\u0441\u0442\u0456.\" \/>\n<meta property=\"og:url\" content=\"https:\/\/intagrotech.com\/de\/pro-nas\/\" \/>\n<meta property=\"og:site_name\" content=\"Intagro\" \/>\n<meta property=\"article:modified_time\" content=\"2025-01-11T10:42:25+00:00\" \/>\n<meta name=\"twitter:card\" content=\"summary_large_image\" \/>\n<meta name=\"twitter:label1\" content=\"Gesch\u00e4tzte Lesezeit\" \/>\n\t<meta name=\"twitter:data1\" content=\"2\u00a0Minuten\" \/>\n<script type=\"application\/ld+json\" class=\"yoast-schema-graph\">{\"@context\":\"https:\/\/schema.org\",\"@graph\":[{\"@type\":\"WebPage\",\"@id\":\"https:\/\/intagrotech.com\/ru\/pro-nas\/\",\"url\":\"https:\/\/intagrotech.com\/ru\/pro-nas\/\",\"name\":\"\u00dcber uns\u00dcber uns\",\"isPartOf\":{\"@id\":\"https:\/\/intagrotech.com\/#website\"},\"datePublished\":\"2023-09-07T10:58:45+00:00\",\"dateModified\":\"2025-01-11T10:42:25+00:00\",\"description\":\"\u00dcber uns \u2013 \u043c\u0438 \u0432\u0438\u0440\u043e\u0431\u043d\u0438\u043a\u0438 \u0441\u0456\u043b\u044c\u0441\u044c\u043a\u043e\u0433\u043e\u0441\u043f\u043e\u0434\u0430\u0440\u0441\u044c\u043a\u043e\u0433\u043e \u043e\u0431\u043b\u0430\u0434\u043d\u0430\u043d\u043d\u044f, \u0449\u043e \u043f\u0440\u043e\u043f\u043e\u043d\u0443\u0454\u043c\u043e \u043d\u0430\u0434\u0456\u0439\u043d\u0456 \u0440\u0456\u0448\u0435\u043d\u043d\u044f \u0434\u043b\u044f \u0430\u0433\u0440\u0430\u0440\u0456\u0457\u0432 \u0431\u0443\u0434\u044c-\u044f\u043a\u043e\u0457 \u0441\u043a\u043b\u0430\u0434\u043d\u043e\u0441\u0442\u0456.\",\"inLanguage\":\"de\",\"potentialAction\":[{\"@type\":\"ReadAction\",\"target\":[\"https:\/\/intagrotech.com\/ru\/pro-nas\/\"]}]},{\"@type\":\"WebSite\",\"@id\":\"https:\/\/intagrotech.com\/#website\",\"url\":\"https:\/\/intagrotech.com\/\",\"name\":\"Intagrotech\",\"description\":\"Intagro - \u041d\u0410\u0419\u041a\u0420\u0410\u0429\u0415 \u041c\u0406\u0421\u0426\u0415 \u0414\u041b\u042f \u0422\u041e\u0413\u041e \u0429\u041e\u0411 \u041a\u0423\u041f\u0418\u0422\u0418 \u0421\u0406\u041b\u042c\u0413\u041e\u0421\u041f\u0422\u0415\u0425\u041d\u0406\u041a\u0423 \u0412 \u0423\u041a\u0420\u0410\u0407\u041d\u0406\",\"publisher\":{\"@id\":\"https:\/\/intagrotech.com\/#organization\"},\"potentialAction\":[{\"@type\":\"SearchAction\",\"target\":{\"@type\":\"EntryPoint\",\"urlTemplate\":\"https:\/\/intagrotech.com\/?s={search_term_string}\"},\"query-input\":{\"@type\":\"PropertyValueSpecification\",\"valueRequired\":true,\"valueName\":\"search_term_string\"}}],\"inLanguage\":\"de\"},{\"@type\":\"Organization\",\"@id\":\"https:\/\/intagrotech.com\/#organization\",\"name\":\"Intagrotech\",\"url\":\"https:\/\/intagrotech.com\/\",\"logo\":{\"@type\":\"ImageObject\",\"inLanguage\":\"de\",\"@id\":\"https:\/\/intagrotech.com\/#\/schema\/logo\/image\/\",\"url\":\"https:\/\/intagrotech.com\/wp-content\/uploads\/2024\/04\/intagro-logo-header.png\",\"contentUrl\":\"https:\/\/intagrotech.com\/wp-content\/uploads\/2024\/04\/intagro-logo-header.png\",\"width\":2377,\"height\":565,\"caption\":\"Intagrotech\"},\"image\":{\"@id\":\"https:\/\/intagrotech.com\/#\/schema\/logo\/image\/\"}}]}<\/script>\n<!-- \/ Yoast SEO plugin. -->","yoast_head_json":{"title":"\u00dcber uns - \u00dcber uns - \u043c\u0438 \u0454 \u043a\u043e\u043c\u0430\u043d\u0434\u043e\u044e \u043f\u0440\u043e\u0444\u0435\u0441\u0456\u043e\u043d\u0430\u043b\u0456\u0432[:]","description":"\u00dcber uns \u2013 \u043c\u0438 \u0432\u0438\u0440\u043e\u0431\u043d\u0438\u043a\u0438 \u0441\u0456\u043b\u044c\u0441\u044c\u043a\u043e\u0433\u043e\u0441\u043f\u043e\u0434\u0430\u0440\u0441\u044c\u043a\u043e\u0433\u043e \u043e\u0431\u043b\u0430\u0434\u043d\u0430\u043d\u043d\u044f, \u0449\u043e \u043f\u0440\u043e\u043f\u043e\u043d\u0443\u0454\u043c\u043e \u043d\u0430\u0434\u0456\u0439\u043d\u0456 \u0440\u0456\u0448\u0435\u043d\u043d\u044f \u0434\u043b\u044f \u0430\u0433\u0440\u0430\u0440\u0456\u0457\u0432 \u0431\u0443\u0434\u044c-\u044f\u043a\u043e\u0457 \u0441\u043a\u043b\u0430\u0434\u043d\u043e\u0441\u0442\u0456.","robots":{"index":"index","follow":"follow","max-snippet":"max-snippet:-1","max-image-preview":"max-image-preview:large","max-video-preview":"max-video-preview:-1"},"canonical":"https:\/\/intagrotech.com\/de\/pro-nas\/","og_locale":"de_DE","og_type":"article","og_title":"[:ru][:uk]\u041f\u0440\u043e \u043d\u0430\u0441[:ru]\u041e \u043d\u0430\u0441[:en]About us[:de]\u00dcber uns[:pl]O nas[:] - \u044f\u0432\u043b\u044f\u0435\u043c\u0441\u044f \u043a\u043e\u043c\u0430\u043d\u0434\u043e\u0439 \u043f\u0440\u043e\u0444\u0435\u0441\u0441\u0438\u043e\u043d\u0430\u043b\u043e\u0432[:uk][:uk]\u041f\u0440\u043e \u043d\u0430\u0441[:ru]\u041e \u043d\u0430\u0441[:en]About us[:de]\u00dcber uns[:pl]O nas[:] - \u043c\u0438 \u0454 \u043a\u043e\u043c\u0430\u043d\u0434\u043e\u044e \u043f\u0440\u043e\u0444\u0435\u0441\u0456\u043e\u043d\u0430\u043b\u0456\u0432[:]","og_description":"[:ru]\u041e \u043d\u0430\u0441 - Intagro \u043f\u0440\u043e\u0438\u0437\u0432\u043e\u0434\u0438\u0442\u0435\u043b\u0438 \u0441\u0435\u043b\u044c\u0441\u043a\u043e\u0445\u043e\u0437\u044f\u0439\u0441\u0442\u0432\u0435\u043d\u043d\u043e\u0433\u043e \u043e\u0431\u043e\u0440\u0443\u0434\u043e\u0432\u0430\u043d\u0438\u044f, \u043f\u0440\u0435\u0434\u043b\u0430\u0433\u0430\u044e\u0449\u0438\u0439 \u043d\u0430\u0434\u0435\u0436\u043d\u044b\u0435 \u0440\u0435\u0448\u0435\u043d\u0438\u044f \u0434\u043b\u044f \u0430\u0433\u0440\u0430\u0440\u0438\u0435\u0432 \u043b\u044e\u0431\u043e\u0439 \u0441\u043b\u043e\u0436\u043d\u043e\u0441\u0442\u0438.[:uk]Intagro \u2013 \u043c\u0438 \u0432\u0438\u0440\u043e\u0431\u043d\u0438\u043a\u0438 \u0441\u0456\u043b\u044c\u0441\u044c\u043a\u043e\u0433\u043e\u0441\u043f\u043e\u0434\u0430\u0440\u0441\u044c\u043a\u043e\u0433\u043e \u043e\u0431\u043b\u0430\u0434\u043d\u0430\u043d\u043d\u044f, \u0449\u043e \u043f\u0440\u043e\u043f\u043e\u043d\u0443\u0454\u043c\u043e \u043d\u0430\u0434\u0456\u0439\u043d\u0456 \u0440\u0456\u0448\u0435\u043d\u043d\u044f \u0434\u043b\u044f \u0430\u0433\u0440\u0430\u0440\u0456\u0457\u0432 \u0431\u0443\u0434\u044c-\u044f\u043a\u043e\u0457 \u0441\u043a\u043b\u0430\u0434\u043d\u043e\u0441\u0442\u0456.[:en]About us \u2013 \u043c\u0438 \u0432\u0438\u0440\u043e\u0431\u043d\u0438\u043a\u0438 \u0441\u0456\u043b\u044c\u0441\u044c\u043a\u043e\u0433\u043e\u0441\u043f\u043e\u0434\u0430\u0440\u0441\u044c\u043a\u043e\u0433\u043e \u043e\u0431\u043b\u0430\u0434\u043d\u0430\u043d\u043d\u044f, \u0449\u043e \u043f\u0440\u043e\u043f\u043e\u043d\u0443\u0454\u043c\u043e \u043d\u0430\u0434\u0456\u0439\u043d\u0456 \u0440\u0456\u0448\u0435\u043d\u043d\u044f \u0434\u043b\u044f \u0430\u0433\u0440\u0430\u0440\u0456\u0457\u0432 \u0431\u0443\u0434\u044c-\u044f\u043a\u043e\u0457 \u0441\u043a\u043b\u0430\u0434\u043d\u043e\u0441\u0442\u0456.[:de]\u00dcber uns \u2013 \u043c\u0438 \u0432\u0438\u0440\u043e\u0431\u043d\u0438\u043a\u0438 \u0441\u0456\u043b\u044c\u0441\u044c\u043a\u043e\u0433\u043e\u0441\u043f\u043e\u0434\u0430\u0440\u0441\u044c\u043a\u043e\u0433\u043e \u043e\u0431\u043b\u0430\u0434\u043d\u0430\u043d\u043d\u044f, \u0449\u043e \u043f\u0440\u043e\u043f\u043e\u043d\u0443\u0454\u043c\u043e \u043d\u0430\u0434\u0456\u0439\u043d\u0456 \u0440\u0456\u0448\u0435\u043d\u043d\u044f \u0434\u043b\u044f \u0430\u0433\u0440\u0430\u0440\u0456\u0457\u0432 \u0431\u0443\u0434\u044c-\u044f\u043a\u043e\u0457 \u0441\u043a\u043b\u0430\u0434\u043d\u043e\u0441\u0442\u0456.[:pl]O nas \u2013 \u043c\u0438 \u0432\u0438\u0440\u043e\u0431\u043d\u0438\u043a\u0438 \u0441\u0456\u043b\u044c\u0441\u044c\u043a\u043e\u0433\u043e\u0441\u043f\u043e\u0434\u0430\u0440\u0441\u044c\u043a\u043e\u0433\u043e \u043e\u0431\u043b\u0430\u0434\u043d\u0430\u043d\u043d\u044f, \u0449\u043e \u043f\u0440\u043e\u043f\u043e\u043d\u0443\u0454\u043c\u043e \u043d\u0430\u0434\u0456\u0439\u043d\u0456 \u0440\u0456\u0448\u0435\u043d\u043d\u044f \u0434\u043b\u044f \u0430\u0433\u0440\u0430\u0440\u0456\u0457\u0432 \u0431\u0443\u0434\u044c-\u044f\u043a\u043e\u0457 \u0441\u043a\u043b\u0430\u0434\u043d\u043e\u0441\u0442\u0456.[:]","og_url":"https:\/\/intagrotech.com\/de\/pro-nas\/","og_site_name":"Intagro","article_modified_time":"2025-01-11T10:42:25+00:00","twitter_card":"summary_large_image","twitter_misc":{"Gesch\u00e4tzte Lesezeit":"2\u00a0Minuten"},"schema":{"@context":"https:\/\/schema.org","@graph":[{"@type":"WebPage","@id":"https:\/\/intagrotech.com\/ru\/pro-nas\/","url":"https:\/\/intagrotech.com\/ru\/pro-nas\/","name":"\u00dcber uns\u00dcber uns","isPartOf":{"@id":"https:\/\/intagrotech.com\/#website"},"datePublished":"2023-09-07T10:58:45+00:00","dateModified":"2025-01-11T10:42:25+00:00","description":"\u00dcber uns \u2013 \u043c\u0438 \u0432\u0438\u0440\u043e\u0431\u043d\u0438\u043a\u0438 \u0441\u0456\u043b\u044c\u0441\u044c\u043a\u043e\u0433\u043e\u0441\u043f\u043e\u0434\u0430\u0440\u0441\u044c\u043a\u043e\u0433\u043e \u043e\u0431\u043b\u0430\u0434\u043d\u0430\u043d\u043d\u044f, \u0449\u043e \u043f\u0440\u043e\u043f\u043e\u043d\u0443\u0454\u043c\u043e \u043d\u0430\u0434\u0456\u0439\u043d\u0456 \u0440\u0456\u0448\u0435\u043d\u043d\u044f \u0434\u043b\u044f \u0430\u0433\u0440\u0430\u0440\u0456\u0457\u0432 \u0431\u0443\u0434\u044c-\u044f\u043a\u043e\u0457 \u0441\u043a\u043b\u0430\u0434\u043d\u043e\u0441\u0442\u0456.","inLanguage":"de","potentialAction":[{"@type":"ReadAction","target":["https:\/\/intagrotech.com\/ru\/pro-nas\/"]}]},{"@type":"WebSite","@id":"https:\/\/intagrotech.com\/#website","url":"https:\/\/intagrotech.com\/","name":"Intagrotech","description":"Intagro - \u041d\u0410\u0419\u041a\u0420\u0410\u0429\u0415 \u041c\u0406\u0421\u0426\u0415 \u0414\u041b\u042f \u0422\u041e\u0413\u041e \u0429\u041e\u0411 \u041a\u0423\u041f\u0418\u0422\u0418 \u0421\u0406\u041b\u042c\u0413\u041e\u0421\u041f\u0422\u0415\u0425\u041d\u0406\u041a\u0423 \u0412 \u0423\u041a\u0420\u0410\u0407\u041d\u0406","publisher":{"@id":"https:\/\/intagrotech.com\/#organization"},"potentialAction":[{"@type":"SearchAction","target":{"@type":"EntryPoint","urlTemplate":"https:\/\/intagrotech.com\/?s={search_term_string}"},"query-input":{"@type":"PropertyValueSpecification","valueRequired":true,"valueName":"search_term_string"}}],"inLanguage":"de"},{"@type":"Organization","@id":"https:\/\/intagrotech.com\/#organization","name":"Intagrotech","url":"https:\/\/intagrotech.com\/","logo":{"@type":"ImageObject","inLanguage":"de","@id":"https:\/\/intagrotech.com\/#\/schema\/logo\/image\/","url":"https:\/\/intagrotech.com\/wp-content\/uploads\/2024\/04\/intagro-logo-header.png","contentUrl":"https:\/\/intagrotech.com\/wp-content\/uploads\/2024\/04\/intagro-logo-header.png","width":2377,"height":565,"caption":"Intagrotech"},"image":{"@id":"https:\/\/intagrotech.com\/#\/schema\/logo\/image\/"}}]}},"_links":{"self":[{"href":"https:\/\/intagrotech.com\/de\/wp-json\/wp\/v2\/pages\/1316","targetHints":{"allow":["GET"]}}],"collection":[{"href":"https:\/\/intagrotech.com\/de\/wp-json\/wp\/v2\/pages"}],"about":[{"href":"https:\/\/intagrotech.com\/de\/wp-json\/wp\/v2\/types\/page"}],"author":[{"embeddable":true,"href":"https:\/\/intagrotech.com\/de\/wp-json\/wp\/v2\/users\/2"}],"replies":[{"embeddable":true,"href":"https:\/\/intagrotech.com\/de\/wp-json\/wp\/v2\/comments?post=1316"}],"version-history":[{"count":32,"href":"https:\/\/intagrotech.com\/de\/wp-json\/wp\/v2\/pages\/1316\/revisions"}],"predecessor-version":[{"id":1321,"href":"https:\/\/intagrotech.com\/de\/wp-json\/wp\/v2\/pages\/1316\/revisions\/1321"}],"wp:attachment":[{"href":"https:\/\/intagrotech.com\/de\/wp-json\/wp\/v2\/media?parent=1316"}],"curies":[{"name":"wp","href":"https:\/\/api.w.org\/{rel}","templated":true}]}}