{"id":1295,"date":"2023-09-06T10:47:44","date_gmt":"2023-09-06T07:47:44","guid":{"rendered":"https:\/\/intagrotech.com\/?page_id=1295"},"modified":"2025-01-10T14:30:14","modified_gmt":"2025-01-10T12:30:14","slug":"servis","status":"publish","type":"page","link":"https:\/\/intagrotech.com\/de\/servis\/","title":{"rendered":"Service"},"content":{"rendered":"<p>Jedes landwirtschaftliche Ger\u00e4t erfordert eine Schulung im Umgang damit sowie weitere technische Inspektions-, Service- und Reparaturarbeiten.<\/p>\n<p>Unsere Firma wird Ihnen dabei helfen!<\/p>\n<p>Das Intagro-Servicecenter bietet folgende Dienstleistungen an:<\/p>\n<ul>\n<li>Schulung des Personals des Kunden im Umgang mit der Ausr\u00fcstung;<\/li>\n<li>Ger\u00e4teinstallation auf dem Gebiet des Kunden;<\/li>\n<li>Durchf\u00fchrung von Inbetriebnahmearbeiten auf dem Gebiet des Lieferanten oder Kunden;<\/li>\n<li>Informativer Kundensupport (Fehlerbehebung, Neukonfiguration usw.);<\/li>\n<li>Diagnose, Reparatur, Modernisierung der Ausr\u00fcstung auf dem Gebiet des Lieferanten oder Kunden;<\/li>\n<li>Wartung der Ausr\u00fcstung auf dem Gebiet des Kunden.<\/li>\n<\/ul>\n","protected":false},"excerpt":{"rendered":"<p>Jedes landwirtschaftliche Ger\u00e4t erfordert eine Schulung im Umgang damit sowie weitere technische Inspektions-, Service- und Reparaturarbeiten. Unsere Firma wird Ihnen dabei helfen! Das Intagro-Servicecenter bietet folgende Dienstleistungen an: Schulung des Personals des Kunden im Umgang mit der Ausr\u00fcstung; Ger\u00e4teinstallation auf dem Gebiet des Kunden; Durchf\u00fchrung von Inbetriebnahmearbeiten auf dem Gebiet des Lieferanten oder Kunden; Informativer [&hellip;]<\/p>\n","protected":false},"author":2,"featured_media":0,"parent":0,"menu_order":0,"comment_status":"closed","ping_status":"closed","template":"add.php","meta":{"inline_featured_image":false,"ngg_post_thumbnail":0,"footnotes":""},"class_list":["post-1295","page","type-page","status-publish","hentry"],"acf":[],"yoast_head":"<!-- This site is optimized with the Yoast SEO plugin v24.2 - https:\/\/yoast.com\/wordpress\/plugins\/seo\/ -->\n<title>Service - \u043f\u0440\u0435\u0434\u043e\u0441\u0442\u0430\u0432\u043b\u044f\u0435\u0442 \u043f\u0440\u043e\u0444\u0435\u0441\u0441\u0438\u043e\u043d\u0430\u043b\u044c\u043d\u043e\u0435 \u043e\u0431\u0441\u043b\u0443\u0436\u0438\u0432\u0430\u043d\u0438\u0435<\/title>\n<meta name=\"robots\" content=\"index, follow, max-snippet:-1, max-image-preview:large, max-video-preview:-1\" \/>\n<link rel=\"canonical\" href=\"https:\/\/intagrotech.com\/de\/servis\/\" \/>\n<meta property=\"og:locale\" content=\"de_DE\" \/>\n<meta property=\"og:locale:alternate\" content=\"uk\" \/>\n<meta property=\"og:locale:alternate\" content=\"ru_RU\" \/>\n<meta property=\"og:locale:alternate\" content=\"en\" \/>\n<meta property=\"og:locale:alternate\" content=\"pl\" \/>\n<meta property=\"og:type\" content=\"article\" \/>\n<meta property=\"og:title\" content=\"Service\" \/>\n<meta property=\"og:description\" content=\"\u0421\u0435\u0440\u0432\u0438\u0441 - \u043f\u0440\u0435\u0434\u043e\u0441\u0442\u0430\u0432\u043b\u044f\u0435\u0442 \u043f\u0440\u043e\u0444\u0435\u0441\u0441\u0438\u043e\u043d\u0430\u043b\u044c\u043d\u043e\u0435 \u043e\u0431\u0441\u043b\u0443\u0436\u0438\u0432\u0430\u043d\u0438\u0435 \u0441\u0435\u043b\u044c\u0441\u043a\u043e\u0445\u043e\u0437\u044f\u0439\u0441\u0442\u0432\u0435\u043d\u043d\u043e\u0433\u043e \u043e\u0431\u043e\u0440\u0443\u0434\u043e\u0432\u0430\u043d\u0438\u044f: \u043c\u043e\u043d\u0442\u0430\u0436, \u0440\u0435\u043c\u043e\u043d\u0442, \u0442\u0435\u0445\u043d\u0438\u0447\u0435\u0441\u043a\u043e\u0435 \u043e\u0431\u0441\u043b\u0443\u0436\u0438\u0432\u0430\u043d\u0438\u0435 \u0438 \u043f\u043e\u0434\u0434\u0435\u0440\u0436\u043a\u0430.\" \/>\n<meta property=\"og:url\" content=\"https:\/\/intagrotech.com\/de\/servis\/\" \/>\n<meta property=\"og:site_name\" content=\"Intagro\" \/>\n<meta property=\"article:modified_time\" content=\"2025-01-10T12:30:14+00:00\" \/>\n<meta name=\"twitter:card\" content=\"summary_large_image\" \/>\n<meta name=\"twitter:label1\" content=\"Gesch\u00e4tzte Lesezeit\" \/>\n\t<meta name=\"twitter:data1\" content=\"2\u00a0Minuten\" \/>\n<script type=\"application\/ld+json\" class=\"yoast-schema-graph\">{\"@context\":\"https:\/\/schema.org\",\"@graph\":[{\"@type\":\"WebPage\",\"@id\":\"https:\/\/intagrotech.com\/ru\/servis\/\",\"url\":\"https:\/\/intagrotech.com\/ru\/servis\/\",\"name\":\"Service\",\"isPartOf\":{\"@id\":\"https:\/\/intagrotech.com\/#website\"},\"datePublished\":\"2023-09-06T07:47:44+00:00\",\"dateModified\":\"2025-01-10T12:30:14+00:00\",\"description\":\"\u0421\u0435\u0440\u0432\u0438\u0441 - \u043f\u0440\u0435\u0434\u043e\u0441\u0442\u0430\u0432\u043b\u044f\u0435\u0442 \u043f\u0440\u043e\u0444\u0435\u0441\u0441\u0438\u043e\u043d\u0430\u043b\u044c\u043d\u043e\u0435 \u043e\u0431\u0441\u043b\u0443\u0436\u0438\u0432\u0430\u043d\u0438\u0435 \u0441\u0435\u043b\u044c\u0441\u043a\u043e\u0445\u043e\u0437\u044f\u0439\u0441\u0442\u0432\u0435\u043d\u043d\u043e\u0433\u043e \u043e\u0431\u043e\u0440\u0443\u0434\u043e\u0432\u0430\u043d\u0438\u044f: \u043c\u043e\u043d\u0442\u0430\u0436, \u0440\u0435\u043c\u043e\u043d\u0442, \u0442\u0435\u0445\u043d\u0438\u0447\u0435\u0441\u043a\u043e\u0435 \u043e\u0431\u0441\u043b\u0443\u0436\u0438\u0432\u0430\u043d\u0438\u0435 \u0438 \u043f\u043e\u0434\u0434\u0435\u0440\u0436\u043a\u0430.\",\"inLanguage\":\"de\",\"potentialAction\":[{\"@type\":\"ReadAction\",\"target\":[\"https:\/\/intagrotech.com\/ru\/servis\/\"]}]},{\"@type\":\"WebSite\",\"@id\":\"https:\/\/intagrotech.com\/#website\",\"url\":\"https:\/\/intagrotech.com\/\",\"name\":\"Intagrotech\",\"description\":\"Intagro - \u041d\u0410\u0419\u041a\u0420\u0410\u0429\u0415 \u041c\u0406\u0421\u0426\u0415 \u0414\u041b\u042f \u0422\u041e\u0413\u041e \u0429\u041e\u0411 \u041a\u0423\u041f\u0418\u0422\u0418 \u0421\u0406\u041b\u042c\u0413\u041e\u0421\u041f\u0422\u0415\u0425\u041d\u0406\u041a\u0423 \u0412 \u0423\u041a\u0420\u0410\u0407\u041d\u0406\",\"publisher\":{\"@id\":\"https:\/\/intagrotech.com\/#organization\"},\"potentialAction\":[{\"@type\":\"SearchAction\",\"target\":{\"@type\":\"EntryPoint\",\"urlTemplate\":\"https:\/\/intagrotech.com\/?s={search_term_string}\"},\"query-input\":{\"@type\":\"PropertyValueSpecification\",\"valueRequired\":true,\"valueName\":\"search_term_string\"}}],\"inLanguage\":\"de\"},{\"@type\":\"Organization\",\"@id\":\"https:\/\/intagrotech.com\/#organization\",\"name\":\"Intagrotech\",\"url\":\"https:\/\/intagrotech.com\/\",\"logo\":{\"@type\":\"ImageObject\",\"inLanguage\":\"de\",\"@id\":\"https:\/\/intagrotech.com\/#\/schema\/logo\/image\/\",\"url\":\"https:\/\/intagrotech.com\/wp-content\/uploads\/2024\/04\/intagro-logo-header.png\",\"contentUrl\":\"https:\/\/intagrotech.com\/wp-content\/uploads\/2024\/04\/intagro-logo-header.png\",\"width\":2377,\"height\":565,\"caption\":\"Intagrotech\"},\"image\":{\"@id\":\"https:\/\/intagrotech.com\/#\/schema\/logo\/image\/\"}}]}<\/script>\n<!-- \/ Yoast SEO plugin. -->","yoast_head_json":{"title":"Service - \u043f\u0440\u0435\u0434\u043e\u0441\u0442\u0430\u0432\u043b\u044f\u0435\u0442 \u043f\u0440\u043e\u0444\u0435\u0441\u0441\u0438\u043e\u043d\u0430\u043b\u044c\u043d\u043e\u0435 \u043e\u0431\u0441\u043b\u0443\u0436\u0438\u0432\u0430\u043d\u0438\u0435","robots":{"index":"index","follow":"follow","max-snippet":"max-snippet:-1","max-image-preview":"max-image-preview:large","max-video-preview":"max-video-preview:-1"},"canonical":"https:\/\/intagrotech.com\/de\/servis\/","og_locale":"de_DE","og_type":"article","og_title":"[:ru]\u0421\u0435\u0440\u0432\u0438\u0441[:uk]\u0421\u0435\u0440\u0432\u0456\u0441[:en]Service[:de]Service[:pl]Praca[:] - \u043f\u0440\u0435\u0434\u043e\u0441\u0442\u0430\u0432\u043b\u044f\u0435\u0442 \u043f\u0440\u043e\u0444\u0435\u0441\u0441\u0438\u043e\u043d\u0430\u043b\u044c\u043d\u043e\u0435 \u043e\u0431\u0441\u043b\u0443\u0436\u0438\u0432\u0430\u043d\u0438\u0435","og_description":"\u0421\u0435\u0440\u0432\u0438\u0441 - \u043f\u0440\u0435\u0434\u043e\u0441\u0442\u0430\u0432\u043b\u044f\u0435\u0442 \u043f\u0440\u043e\u0444\u0435\u0441\u0441\u0438\u043e\u043d\u0430\u043b\u044c\u043d\u043e\u0435 \u043e\u0431\u0441\u043b\u0443\u0436\u0438\u0432\u0430\u043d\u0438\u0435 \u0441\u0435\u043b\u044c\u0441\u043a\u043e\u0445\u043e\u0437\u044f\u0439\u0441\u0442\u0432\u0435\u043d\u043d\u043e\u0433\u043e \u043e\u0431\u043e\u0440\u0443\u0434\u043e\u0432\u0430\u043d\u0438\u044f: \u043c\u043e\u043d\u0442\u0430\u0436, \u0440\u0435\u043c\u043e\u043d\u0442, \u0442\u0435\u0445\u043d\u0438\u0447\u0435\u0441\u043a\u043e\u0435 \u043e\u0431\u0441\u043b\u0443\u0436\u0438\u0432\u0430\u043d\u0438\u0435 \u0438 \u043f\u043e\u0434\u0434\u0435\u0440\u0436\u043a\u0430.","og_url":"https:\/\/intagrotech.com\/de\/servis\/","og_site_name":"Intagro","article_modified_time":"2025-01-10T12:30:14+00:00","twitter_card":"summary_large_image","twitter_misc":{"Gesch\u00e4tzte Lesezeit":"2\u00a0Minuten"},"schema":{"@context":"https:\/\/schema.org","@graph":[{"@type":"WebPage","@id":"https:\/\/intagrotech.com\/ru\/servis\/","url":"https:\/\/intagrotech.com\/ru\/servis\/","name":"Service","isPartOf":{"@id":"https:\/\/intagrotech.com\/#website"},"datePublished":"2023-09-06T07:47:44+00:00","dateModified":"2025-01-10T12:30:14+00:00","description":"\u0421\u0435\u0440\u0432\u0438\u0441 - \u043f\u0440\u0435\u0434\u043e\u0441\u0442\u0430\u0432\u043b\u044f\u0435\u0442 \u043f\u0440\u043e\u0444\u0435\u0441\u0441\u0438\u043e\u043d\u0430\u043b\u044c\u043d\u043e\u0435 \u043e\u0431\u0441\u043b\u0443\u0436\u0438\u0432\u0430\u043d\u0438\u0435 \u0441\u0435\u043b\u044c\u0441\u043a\u043e\u0445\u043e\u0437\u044f\u0439\u0441\u0442\u0432\u0435\u043d\u043d\u043e\u0433\u043e \u043e\u0431\u043e\u0440\u0443\u0434\u043e\u0432\u0430\u043d\u0438\u044f: \u043c\u043e\u043d\u0442\u0430\u0436, \u0440\u0435\u043c\u043e\u043d\u0442, \u0442\u0435\u0445\u043d\u0438\u0447\u0435\u0441\u043a\u043e\u0435 \u043e\u0431\u0441\u043b\u0443\u0436\u0438\u0432\u0430\u043d\u0438\u0435 \u0438 \u043f\u043e\u0434\u0434\u0435\u0440\u0436\u043a\u0430.","inLanguage":"de","potentialAction":[{"@type":"ReadAction","target":["https:\/\/intagrotech.com\/ru\/servis\/"]}]},{"@type":"WebSite","@id":"https:\/\/intagrotech.com\/#website","url":"https:\/\/intagrotech.com\/","name":"Intagrotech","description":"Intagro - \u041d\u0410\u0419\u041a\u0420\u0410\u0429\u0415 \u041c\u0406\u0421\u0426\u0415 \u0414\u041b\u042f \u0422\u041e\u0413\u041e \u0429\u041e\u0411 \u041a\u0423\u041f\u0418\u0422\u0418 \u0421\u0406\u041b\u042c\u0413\u041e\u0421\u041f\u0422\u0415\u0425\u041d\u0406\u041a\u0423 \u0412 \u0423\u041a\u0420\u0410\u0407\u041d\u0406","publisher":{"@id":"https:\/\/intagrotech.com\/#organization"},"potentialAction":[{"@type":"SearchAction","target":{"@type":"EntryPoint","urlTemplate":"https:\/\/intagrotech.com\/?s={search_term_string}"},"query-input":{"@type":"PropertyValueSpecification","valueRequired":true,"valueName":"search_term_string"}}],"inLanguage":"de"},{"@type":"Organization","@id":"https:\/\/intagrotech.com\/#organization","name":"Intagrotech","url":"https:\/\/intagrotech.com\/","logo":{"@type":"ImageObject","inLanguage":"de","@id":"https:\/\/intagrotech.com\/#\/schema\/logo\/image\/","url":"https:\/\/intagrotech.com\/wp-content\/uploads\/2024\/04\/intagro-logo-header.png","contentUrl":"https:\/\/intagrotech.com\/wp-content\/uploads\/2024\/04\/intagro-logo-header.png","width":2377,"height":565,"caption":"Intagrotech"},"image":{"@id":"https:\/\/intagrotech.com\/#\/schema\/logo\/image\/"}}]}},"_links":{"self":[{"href":"https:\/\/intagrotech.com\/de\/wp-json\/wp\/v2\/pages\/1295","targetHints":{"allow":["GET"]}}],"collection":[{"href":"https:\/\/intagrotech.com\/de\/wp-json\/wp\/v2\/pages"}],"about":[{"href":"https:\/\/intagrotech.com\/de\/wp-json\/wp\/v2\/types\/page"}],"author":[{"embeddable":true,"href":"https:\/\/intagrotech.com\/de\/wp-json\/wp\/v2\/users\/2"}],"replies":[{"embeddable":true,"href":"https:\/\/intagrotech.com\/de\/wp-json\/wp\/v2\/comments?post=1295"}],"version-history":[{"count":21,"href":"https:\/\/intagrotech.com\/de\/wp-json\/wp\/v2\/pages\/1295\/revisions"}],"predecessor-version":[{"id":3698,"href":"https:\/\/intagrotech.com\/de\/wp-json\/wp\/v2\/pages\/1295\/revisions\/3698"}],"wp:attachment":[{"href":"https:\/\/intagrotech.com\/de\/wp-json\/wp\/v2\/media?parent=1295"}],"curies":[{"name":"wp","href":"https:\/\/api.w.org\/{rel}","templated":true}]}}