{"id":109,"date":"2023-04-17T23:11:58","date_gmt":"2023-04-17T20:11:58","guid":{"rendered":"https:\/\/intagrotech.com\/?page_id=109"},"modified":"2025-01-10T15:20:00","modified_gmt":"2025-01-10T13:20:00","slug":"nadannia-posluh-z-obrobky-metala","status":"publish","type":"page","link":"https:\/\/intagrotech.com\/de\/nadannia-posluh-z-obrobky-metala\/","title":{"rendered":"DIENSTLEISTUNGEN F\u00dcR DIE METALLVERARBEITUNG"},"content":{"rendered":"<div class=\"item\">\n<div class=\"name\">Laserschneiden von Metall<\/div>\n<div class=\"row\">\n<div class=\"desc\">\n<p>1,5 kW thermische Metallschneidemaschine. Die Abmessungen des Arbeitsfeldes betragen 3000x1500mm. Die maximale Blechst\u00e4rke betr\u00e4gt 16 mm. Positioniergenauigkeit bis 0,01 mm. Das Schneiden kann mit Sauerstoff, Stickstoff und Druckluft erfolgen.<\/p>\n<p>Zusatzfunktionen<\/p>\n<ul>\n<li>Schneiden von Vierkant- und Rundrohren<\/li>\n<li>Blechlochung<\/li>\n<li>Markieren und gravieren<\/li>\n<\/ul>\n<\/div>\n<div class=\"image\">\n\t\t\t\t\t\t\t\t\t<img data-src=\"https:\/\/intagrotech.com\/wp-content\/themes\/fiellday\/img\/catalog_service1_img.jpg\" alt=\"\" class=\"lazyload\"><\/div>\n<\/div>\n<\/div>\n<div class=\"item\">\n<div class=\"name\">Biegen<\/div>\n<div class=\"desc\">\n<p>CNC-Blechbiegemaschine mit einer maximalen Kraft von 63 Tonnen. Die maximale Dicke betr\u00e4gt 6 mm. Die maximale L\u00e4nge des Teils betr\u00e4gt 2500 mm. Eine gro\u00dfe Auswahl an Biegeoptionen (Radius, Einzelwinkel, Mehrfachwinkel usw.).<\/p>\n<\/div>\n<div class=\"image\">\n\t\t\t\t\t\t\t\t<img data-src=\"https:\/\/intagrotech.com\/wp-content\/themes\/fiellday\/img\/catalog_service2_img.jpg\" alt=\"\" class=\"lazyload\"><\/div>\n<\/div>\n<div class=\"item\">\n<div class=\"name\">Schwei\u00dfen<\/div>\n<div class=\"row\">\n<div class=\"desc\">\n<p>Mit den Halbautomaten MIG\/MAG\/FCAW\/MMA 323. Dank hoher Produktionskontrolle garantieren wir die Ausf\u00fchrung der Arbeiten in k\u00fcrzester Zeit und in hoher Qualit\u00e4t.<\/p>\n<\/div>\n<div class=\"image\">\n\t\t\t\t\t\t\t\t\t<img data-src=\"https:\/\/intagrotech.com\/wp-content\/themes\/fiellday\/img\/catalog_service3_img.jpg\" alt=\"\" class=\"lazyload\"><\/div>\n<\/div>\n<\/div>\n<div class=\"bottom\">Unser Unternehmen bietet unseren Kunden auch Engineering- und technische Unterst\u00fctzungsdienste auf der Grundlage seines eigenen Konstruktionsb\u00fcros.<\/div>\n","protected":false},"excerpt":{"rendered":"<p>Laserschneiden von Metall 1,5 kW thermische Metallschneidemaschine. Die Abmessungen des Arbeitsfeldes betragen 3000x1500mm. Die maximale Blechst\u00e4rke betr\u00e4gt 16 mm. Positioniergenauigkeit bis 0,01 mm. Das Schneiden kann mit Sauerstoff, Stickstoff und Druckluft erfolgen. Zusatzfunktionen Schneiden von Vierkant- und Rundrohren Blechlochung Markieren und gravieren Biegen CNC-Blechbiegemaschine mit einer maximalen Kraft von 63 Tonnen. Die maximale Dicke betr\u00e4gt [&hellip;]<\/p>\n","protected":false},"author":1,"featured_media":111,"parent":0,"menu_order":0,"comment_status":"closed","ping_status":"closed","template":"","meta":{"inline_featured_image":false,"ngg_post_thumbnail":0,"footnotes":""},"class_list":["post-109","page","type-page","status-publish","has-post-thumbnail","hentry"],"acf":[],"yoast_head":"<!-- This site is optimized with the Yoast SEO plugin v24.2 - https:\/\/yoast.com\/wordpress\/plugins\/seo\/ -->\n<title>DIENSTLEISTUNGEN F\u00dcR DIE METALLVERARBEITUNG - Intagro<\/title>\n<meta name=\"robots\" content=\"index, follow, max-snippet:-1, max-image-preview:large, max-video-preview:-1\" \/>\n<link rel=\"canonical\" href=\"https:\/\/intagrotech.com\/de\/nadannia-posluh-z-obrobky-metala\/\" \/>\n<meta property=\"og:locale\" content=\"de_DE\" \/>\n<meta property=\"og:locale:alternate\" content=\"uk\" \/>\n<meta property=\"og:locale:alternate\" content=\"ru_RU\" \/>\n<meta property=\"og:locale:alternate\" content=\"en\" \/>\n<meta property=\"og:locale:alternate\" content=\"pl\" \/>\n<meta property=\"og:type\" content=\"article\" \/>\n<meta property=\"og:title\" content=\"DIENSTLEISTUNGEN F\u00dcR DIE METALLVERARBEITUNG\" \/>\n<meta property=\"og:description\" content=\"\u041b\u0430\u0437\u0435\u0440\u043d\u0430\u044f \u0440\u0435\u0437\u043a\u0430 \u043c\u0435\u0442\u0430\u043b\u043b\u0430 \u043c\u043e\u0449\u043d\u043e\u0441\u0442\u044c\u044e 1,5 \u043a\u0412\u0442 \u0441 \u0442\u043e\u0447\u043d\u043e\u0441\u0442\u044c\u044e \u0434\u043e 0,01 \u043c\u043c. \u0423\u0441\u043b\u0443\u0433\u0438 \u043f\u043e \u043e\u0431\u0440\u0430\u0431\u043e\u0442\u043a\u0435 \u043c\u0435\u0442\u0430\u043b\u043b\u0430 \u043f\u043e\u0434\u0434\u0435\u0440\u0436\u043a\u0430 \u043e\u0442 INTAGRO.\" \/>\n<meta property=\"og:url\" content=\"https:\/\/intagrotech.com\/de\/nadannia-posluh-z-obrobky-metala\/\" \/>\n<meta property=\"og:site_name\" content=\"Intagro\" \/>\n<meta property=\"article:modified_time\" content=\"2025-01-10T13:20:00+00:00\" \/>\n<meta property=\"og:image\" content=\"https:\/\/intagrotech.com\/wp-content\/uploads\/2023\/04\/catalog_thumb3.png\" \/>\n\t<meta property=\"og:image:width\" content=\"213\" \/>\n\t<meta property=\"og:image:height\" content=\"195\" \/>\n\t<meta property=\"og:image:type\" content=\"image\/png\" \/>\n<meta name=\"twitter:card\" content=\"summary_large_image\" \/>\n<meta name=\"twitter:label1\" content=\"Gesch\u00e4tzte Lesezeit\" \/>\n\t<meta name=\"twitter:data1\" content=\"2\u00a0Minuten\" \/>\n<script type=\"application\/ld+json\" class=\"yoast-schema-graph\">{\"@context\":\"https:\/\/schema.org\",\"@graph\":[{\"@type\":\"WebPage\",\"@id\":\"https:\/\/intagrotech.com\/ru\/nadannia-posluh-z-obrobky-metala\/\",\"url\":\"https:\/\/intagrotech.com\/ru\/nadannia-posluh-z-obrobky-metala\/\",\"name\":\"DIENSTLEISTUNGEN F\u00dcR DIE METALLVERARBEITUNG\",\"isPartOf\":{\"@id\":\"https:\/\/intagrotech.com\/#website\"},\"primaryImageOfPage\":{\"@id\":\"https:\/\/intagrotech.com\/ru\/nadannia-posluh-z-obrobky-metala\/#primaryimage\"},\"image\":{\"@id\":\"https:\/\/intagrotech.com\/ru\/nadannia-posluh-z-obrobky-metala\/#primaryimage\"},\"thumbnailUrl\":\"https:\/\/intagrotech.com\/wp-content\/uploads\/2023\/04\/catalog_thumb3.png\",\"datePublished\":\"2023-04-17T20:11:58+00:00\",\"dateModified\":\"2025-01-10T13:20:00+00:00\",\"description\":\"\u041b\u0430\u0437\u0435\u0440\u043d\u0430\u044f \u0440\u0435\u0437\u043a\u0430 \u043c\u0435\u0442\u0430\u043b\u043b\u0430 \u043c\u043e\u0449\u043d\u043e\u0441\u0442\u044c\u044e 1,5 \u043a\u0412\u0442 \u0441 \u0442\u043e\u0447\u043d\u043e\u0441\u0442\u044c\u044e \u0434\u043e 0,01 \u043c\u043c. \u0423\u0441\u043b\u0443\u0433\u0438 \u043f\u043e \u043e\u0431\u0440\u0430\u0431\u043e\u0442\u043a\u0435 \u043c\u0435\u0442\u0430\u043b\u043b\u0430 \u043f\u043e\u0434\u0434\u0435\u0440\u0436\u043a\u0430 \u043e\u0442 INTAGRO.\",\"inLanguage\":\"de\",\"potentialAction\":[{\"@type\":\"ReadAction\",\"target\":[\"https:\/\/intagrotech.com\/ru\/nadannia-posluh-z-obrobky-metala\/\"]}]},{\"@type\":\"ImageObject\",\"inLanguage\":\"de\",\"@id\":\"https:\/\/intagrotech.com\/ru\/nadannia-posluh-z-obrobky-metala\/#primaryimage\",\"url\":\"https:\/\/intagrotech.com\/wp-content\/uploads\/2023\/04\/catalog_thumb3.png\",\"contentUrl\":\"https:\/\/intagrotech.com\/wp-content\/uploads\/2023\/04\/catalog_thumb3.png\",\"width\":213,\"height\":195},{\"@type\":\"WebSite\",\"@id\":\"https:\/\/intagrotech.com\/#website\",\"url\":\"https:\/\/intagrotech.com\/\",\"name\":\"Intagrotech\",\"description\":\"Intagro - \u041d\u0410\u0419\u041a\u0420\u0410\u0429\u0415 \u041c\u0406\u0421\u0426\u0415 \u0414\u041b\u042f \u0422\u041e\u0413\u041e \u0429\u041e\u0411 \u041a\u0423\u041f\u0418\u0422\u0418 \u0421\u0406\u041b\u042c\u0413\u041e\u0421\u041f\u0422\u0415\u0425\u041d\u0406\u041a\u0423 \u0412 \u0423\u041a\u0420\u0410\u0407\u041d\u0406\",\"publisher\":{\"@id\":\"https:\/\/intagrotech.com\/#organization\"},\"potentialAction\":[{\"@type\":\"SearchAction\",\"target\":{\"@type\":\"EntryPoint\",\"urlTemplate\":\"https:\/\/intagrotech.com\/?s={search_term_string}\"},\"query-input\":{\"@type\":\"PropertyValueSpecification\",\"valueRequired\":true,\"valueName\":\"search_term_string\"}}],\"inLanguage\":\"de\"},{\"@type\":\"Organization\",\"@id\":\"https:\/\/intagrotech.com\/#organization\",\"name\":\"Intagrotech\",\"url\":\"https:\/\/intagrotech.com\/\",\"logo\":{\"@type\":\"ImageObject\",\"inLanguage\":\"de\",\"@id\":\"https:\/\/intagrotech.com\/#\/schema\/logo\/image\/\",\"url\":\"https:\/\/intagrotech.com\/wp-content\/uploads\/2024\/04\/intagro-logo-header.png\",\"contentUrl\":\"https:\/\/intagrotech.com\/wp-content\/uploads\/2024\/04\/intagro-logo-header.png\",\"width\":2377,\"height\":565,\"caption\":\"Intagrotech\"},\"image\":{\"@id\":\"https:\/\/intagrotech.com\/#\/schema\/logo\/image\/\"}}]}<\/script>\n<!-- \/ Yoast SEO plugin. -->","yoast_head_json":{"title":"DIENSTLEISTUNGEN F\u00dcR DIE METALLVERARBEITUNG - Intagro","robots":{"index":"index","follow":"follow","max-snippet":"max-snippet:-1","max-image-preview":"max-image-preview:large","max-video-preview":"max-video-preview:-1"},"canonical":"https:\/\/intagrotech.com\/de\/nadannia-posluh-z-obrobky-metala\/","og_locale":"de_DE","og_type":"article","og_title":"[:ru]\u0423\u0421\u041b\u0423\u0413\u0418 \u041f\u041e \u041e\u0411\u0420\u0410\u0411\u041e\u0422\u041a\u0415 \u041c\u0415\u0422\u0410\u041b\u041b\u0410[:uk]\u041d\u0410\u0414\u0410\u041d\u041d\u042f \u041f\u041e\u0421\u041b\u0423\u0413 \u0417 \u041e\u0411\u0420\u041e\u0411\u041a\u0418 \u041c\u0415\u0422\u0410\u041b\u0410[:en]METAL PROCESSING SERVICES[:de]DIENSTLEISTUNGEN F\u00dcR DIE METALLVERARBEITUNG[:pl]US\u0141UGI OBR\u00d3BKI METALI[:] - Intagro","og_description":"\u041b\u0430\u0437\u0435\u0440\u043d\u0430\u044f \u0440\u0435\u0437\u043a\u0430 \u043c\u0435\u0442\u0430\u043b\u043b\u0430 \u043c\u043e\u0449\u043d\u043e\u0441\u0442\u044c\u044e 1,5 \u043a\u0412\u0442 \u0441 \u0442\u043e\u0447\u043d\u043e\u0441\u0442\u044c\u044e \u0434\u043e 0,01 \u043c\u043c. \u0423\u0441\u043b\u0443\u0433\u0438 \u043f\u043e \u043e\u0431\u0440\u0430\u0431\u043e\u0442\u043a\u0435 \u043c\u0435\u0442\u0430\u043b\u043b\u0430 \u043f\u043e\u0434\u0434\u0435\u0440\u0436\u043a\u0430 \u043e\u0442 INTAGRO.","og_url":"https:\/\/intagrotech.com\/de\/nadannia-posluh-z-obrobky-metala\/","og_site_name":"Intagro","article_modified_time":"2025-01-10T13:20:00+00:00","og_image":[{"width":213,"height":195,"url":"https:\/\/intagrotech.com\/wp-content\/uploads\/2023\/04\/catalog_thumb3.png","type":"image\/png"}],"twitter_card":"summary_large_image","twitter_misc":{"Gesch\u00e4tzte Lesezeit":"2\u00a0Minuten"},"schema":{"@context":"https:\/\/schema.org","@graph":[{"@type":"WebPage","@id":"https:\/\/intagrotech.com\/ru\/nadannia-posluh-z-obrobky-metala\/","url":"https:\/\/intagrotech.com\/ru\/nadannia-posluh-z-obrobky-metala\/","name":"DIENSTLEISTUNGEN F\u00dcR DIE METALLVERARBEITUNG","isPartOf":{"@id":"https:\/\/intagrotech.com\/#website"},"primaryImageOfPage":{"@id":"https:\/\/intagrotech.com\/ru\/nadannia-posluh-z-obrobky-metala\/#primaryimage"},"image":{"@id":"https:\/\/intagrotech.com\/ru\/nadannia-posluh-z-obrobky-metala\/#primaryimage"},"thumbnailUrl":"https:\/\/intagrotech.com\/wp-content\/uploads\/2023\/04\/catalog_thumb3.png","datePublished":"2023-04-17T20:11:58+00:00","dateModified":"2025-01-10T13:20:00+00:00","description":"\u041b\u0430\u0437\u0435\u0440\u043d\u0430\u044f \u0440\u0435\u0437\u043a\u0430 \u043c\u0435\u0442\u0430\u043b\u043b\u0430 \u043c\u043e\u0449\u043d\u043e\u0441\u0442\u044c\u044e 1,5 \u043a\u0412\u0442 \u0441 \u0442\u043e\u0447\u043d\u043e\u0441\u0442\u044c\u044e \u0434\u043e 0,01 \u043c\u043c. \u0423\u0441\u043b\u0443\u0433\u0438 \u043f\u043e \u043e\u0431\u0440\u0430\u0431\u043e\u0442\u043a\u0435 \u043c\u0435\u0442\u0430\u043b\u043b\u0430 \u043f\u043e\u0434\u0434\u0435\u0440\u0436\u043a\u0430 \u043e\u0442 INTAGRO.","inLanguage":"de","potentialAction":[{"@type":"ReadAction","target":["https:\/\/intagrotech.com\/ru\/nadannia-posluh-z-obrobky-metala\/"]}]},{"@type":"ImageObject","inLanguage":"de","@id":"https:\/\/intagrotech.com\/ru\/nadannia-posluh-z-obrobky-metala\/#primaryimage","url":"https:\/\/intagrotech.com\/wp-content\/uploads\/2023\/04\/catalog_thumb3.png","contentUrl":"https:\/\/intagrotech.com\/wp-content\/uploads\/2023\/04\/catalog_thumb3.png","width":213,"height":195},{"@type":"WebSite","@id":"https:\/\/intagrotech.com\/#website","url":"https:\/\/intagrotech.com\/","name":"Intagrotech","description":"Intagro - \u041d\u0410\u0419\u041a\u0420\u0410\u0429\u0415 \u041c\u0406\u0421\u0426\u0415 \u0414\u041b\u042f \u0422\u041e\u0413\u041e \u0429\u041e\u0411 \u041a\u0423\u041f\u0418\u0422\u0418 \u0421\u0406\u041b\u042c\u0413\u041e\u0421\u041f\u0422\u0415\u0425\u041d\u0406\u041a\u0423 \u0412 \u0423\u041a\u0420\u0410\u0407\u041d\u0406","publisher":{"@id":"https:\/\/intagrotech.com\/#organization"},"potentialAction":[{"@type":"SearchAction","target":{"@type":"EntryPoint","urlTemplate":"https:\/\/intagrotech.com\/?s={search_term_string}"},"query-input":{"@type":"PropertyValueSpecification","valueRequired":true,"valueName":"search_term_string"}}],"inLanguage":"de"},{"@type":"Organization","@id":"https:\/\/intagrotech.com\/#organization","name":"Intagrotech","url":"https:\/\/intagrotech.com\/","logo":{"@type":"ImageObject","inLanguage":"de","@id":"https:\/\/intagrotech.com\/#\/schema\/logo\/image\/","url":"https:\/\/intagrotech.com\/wp-content\/uploads\/2024\/04\/intagro-logo-header.png","contentUrl":"https:\/\/intagrotech.com\/wp-content\/uploads\/2024\/04\/intagro-logo-header.png","width":2377,"height":565,"caption":"Intagrotech"},"image":{"@id":"https:\/\/intagrotech.com\/#\/schema\/logo\/image\/"}}]}},"_links":{"self":[{"href":"https:\/\/intagrotech.com\/de\/wp-json\/wp\/v2\/pages\/109","targetHints":{"allow":["GET"]}}],"collection":[{"href":"https:\/\/intagrotech.com\/de\/wp-json\/wp\/v2\/pages"}],"about":[{"href":"https:\/\/intagrotech.com\/de\/wp-json\/wp\/v2\/types\/page"}],"author":[{"embeddable":true,"href":"https:\/\/intagrotech.com\/de\/wp-json\/wp\/v2\/users\/1"}],"replies":[{"embeddable":true,"href":"https:\/\/intagrotech.com\/de\/wp-json\/wp\/v2\/comments?post=109"}],"version-history":[{"count":23,"href":"https:\/\/intagrotech.com\/de\/wp-json\/wp\/v2\/pages\/109\/revisions"}],"predecessor-version":[{"id":3707,"href":"https:\/\/intagrotech.com\/de\/wp-json\/wp\/v2\/pages\/109\/revisions\/3707"}],"wp:featuredmedia":[{"embeddable":true,"href":"https:\/\/intagrotech.com\/de\/wp-json\/wp\/v2\/media\/111"}],"wp:attachment":[{"href":"https:\/\/intagrotech.com\/de\/wp-json\/wp\/v2\/media?parent=109"}],"curies":[{"name":"wp","href":"https:\/\/api.w.org\/{rel}","templated":true}]}}